{"id":1030,"date":"2018-03-14T14:33:49","date_gmt":"2018-03-14T17:33:49","guid":{"rendered":"https:\/\/redes.unb.br\/?page_id=1030"},"modified":"2020-10-07T11:51:04","modified_gmt":"2020-10-07T10:51:04","slug":"documentacao-necessaria-para-realizacao-do-estagio","status":"publish","type":"page","link":"https:\/\/redes.unb.br\/index.php\/documentacao-necessaria-para-realizacao-do-estagio\/","title":{"rendered":"Documenta\u00e7\u00e3o Necess\u00e1ria Para Realiza\u00e7\u00e3o do Est\u00e1gio"},"content":{"rendered":"<p><head><\/p>\n<style>\n  .collapsing {\n    background-color: white;\n   }\n  p{color:black;}\n<\/style>\n<p><\/head><\/p>\n<h2><a name=\"Menu\"><\/h2>\n<p><span class=\"postitle\"><\/p>\n<div>\n<h3><strong>Documentos para Matr\u00edcula<\/strong><\/h3>\n<\/div>\n<hr\/>\n<p>&nbsp;<\/p>\n<h2>\n<div><strong>Aten\u00e7\u00e3o, o prazo para solicita\u00e7\u00e3o de atividade complementar (m\u00f3dulo livre) \u00e9 at\u00e9 o 18 de Outubro de 2018<\/strong><\/h2>\n<\/div>\n<p>&nbsp;<\/p>\n<p>0 &#8211; <strong><a href=\"https:\/\/redes.unb.br\/wp-content\/uploads\/2018\/03\/FAAACEx.pdf\">Formul\u00e1rio de Acompanhamento e Avalia\u00e7\u00e3o de Atividades Complementares de Extens\u00e3o<\/a><\/strong> (Preenchido pelo Orientador ou Coordenador &#8211; Docente do Curso de Redes -)<br \/>\n&nbsp;<br \/>\n1 &#8211; <strong><a href=\"https:\/\/redes.unb.br\/wp-content\/uploads\/2018\/03\/termo_compromisso_estagio_obrigatorio_atual.doc\">C\u00f3pia do Termo de Compromisso de Est\u00e1gio (TCE) assinado pelo DAIA<\/a><\/strong> (ou <a href=\"https:\/\/redes.unb.br\/wp-content\/uploads\/2018\/03\/termo_aditivo_compromisso_estagio.doc\"><strong>aditivo<\/strong><\/a>)<br \/>\n2 &#8211; <strong><a href=\"https:\/\/redes.unb.br\/wp-content\/uploads\/2018\/03\/Plano_Atividades.docx\">C\u00f3pia do Plano de Atividades de Est\u00e1gio (PAE) assinado com parecer do Orientador<\/strong><\/a> (Docente do Curso de Redes)<br \/>\n3 &#8211; Hist\u00f3rico escolar e espelho da matr\u00edcula (Obtido via Secretaria do EnE)<br \/>\n4 &#8211; Formul\u00e1rio de matr\u00edcula na disciplina preenchido e assinado<\/p>\n<p>&nbsp;\n<\/p><\/div>\n<p><span class=\"postitle\"><\/p>\n<div>\n<h3><strong>Documentos para Avalia\u00e7\u00e3o do Est\u00e1gio<\/strong><\/h3>\n<\/div>\n<hr\/>\n<p>&nbsp;<\/p>\n<p>1 &#8211; <strong><a href=\"https:\/\/redes.unb.br\/wp-content\/uploads\/2018\/03\/Ficha-de-Avalia\u00e7\u00e3o-no-Est\u00e1gio.pdf\">Ficha de Avalia\u00e7\u00e3o do Est\u00e1gio<\/a><\/strong> (Preenchido pelo Orientador &#8211; Docente do Curso de Redes -)<br \/>\n2 &#8211; <strong><a href=\"https:\/\/redes.unb.br\/wp-content\/uploads\/2018\/03\/Avaliacao_Estagiario_novo.doc\">Formul\u00e1rio de Avalia\u00e7\u00e3o da Concedente pelo Estagi\u00e1rio<\/a><\/strong> (Preenchido pelo Estagi\u00e1rio)<br \/>\n3 &#8211; <strong><a href=\"https:\/\/redes.unb.br\/wp-content\/uploads\/2020\/10\/Avaliacao_Concedente_revisado240820.doc\">Formul\u00e1rio de Avalia\u00e7\u00e3o de Desempenho de Estagi\u00e1rio pela Concedente<\/a><\/strong> (Preenchido pela Concedente e enviado ao Coordenador de Est\u00e1gio e Orientador)<br \/>\n4 &#8211; <strong><a href=\"https:\/\/redes.unb.br\/wp-content\/uploads\/2018\/03\/Modelo_Relatorio-ERC2018-1.docx\">Relat\u00f3rio T\u00e9cnico de Est\u00e1gio<\/a><\/strong> (modelo)  <\/p>\n<p>&nbsp;<\/p>\n<\/div>\n","protected":false},"excerpt":{"rendered":"<p>Documentos para Matr\u00edcula &nbsp; Aten\u00e7\u00e3o, o prazo para solicita\u00e7\u00e3o de atividade complementar (m\u00f3dulo livre) \u00e9 at\u00e9 o 18 de Outubro de 2018 &nbsp; 0 &#8211; Formul\u00e1rio de Acompanhamento e Avalia\u00e7\u00e3o [&hellip;]<\/p>\n","protected":false},"author":2,"featured_media":0,"parent":0,"menu_order":0,"comment_status":"closed","ping_status":"closed","template":"page-fullwidth.php","meta":{"_acf_changed":false,"footnotes":""},"class_list":["post-1030","page","type-page","status-publish","hentry"],"blocksy_meta":[],"acf":[],"yoast_head":"<!-- This site is optimized with the Yoast SEO plugin v25.9 - https:\/\/yoast.com\/wordpress\/plugins\/seo\/ -->\n<title>Documenta\u00e7\u00e3o Necess\u00e1ria Para Realiza\u00e7\u00e3o do Est\u00e1gio - Engenharia de Redes de Comunica\u00e7\u00e3o<\/title>\n<meta name=\"robots\" content=\"index, follow, max-snippet:-1, max-image-preview:large, max-video-preview:-1\" \/>\n<link rel=\"canonical\" href=\"https:\/\/redes.unb.br\/index.php\/documentacao-necessaria-para-realizacao-do-estagio\/\" \/>\n<meta property=\"og:locale\" content=\"pt_BR\" \/>\n<meta property=\"og:type\" content=\"article\" \/>\n<meta property=\"og:title\" content=\"Documenta\u00e7\u00e3o Necess\u00e1ria Para Realiza\u00e7\u00e3o do Est\u00e1gio - Engenharia de Redes de Comunica\u00e7\u00e3o\" \/>\n<meta property=\"og:description\" content=\"Documentos para Matr\u00edcula &nbsp; Aten\u00e7\u00e3o, o prazo para solicita\u00e7\u00e3o de atividade complementar (m\u00f3dulo livre) \u00e9 at\u00e9 o 18 de Outubro de 2018 &nbsp; 0 &#8211; Formul\u00e1rio de Acompanhamento e Avalia\u00e7\u00e3o [&hellip;]\" \/>\n<meta property=\"og:url\" content=\"https:\/\/redes.unb.br\/index.php\/documentacao-necessaria-para-realizacao-do-estagio\/\" \/>\n<meta property=\"og:site_name\" content=\"Engenharia de Redes de Comunica\u00e7\u00e3o\" \/>\n<meta property=\"article:modified_time\" content=\"2020-10-07T10:51:04+00:00\" \/>\n<meta name=\"twitter:card\" content=\"summary_large_image\" \/>\n<meta name=\"twitter:label1\" content=\"Est. reading time\" \/>\n\t<meta name=\"twitter:data1\" content=\"1 minuto\" \/>\n<script type=\"application\/ld+json\" class=\"yoast-schema-graph\">{\"@context\":\"https:\/\/schema.org\",\"@graph\":[{\"@type\":\"WebPage\",\"@id\":\"https:\/\/redes.unb.br\/index.php\/documentacao-necessaria-para-realizacao-do-estagio\/\",\"url\":\"https:\/\/redes.unb.br\/index.php\/documentacao-necessaria-para-realizacao-do-estagio\/\",\"name\":\"Documenta\u00e7\u00e3o Necess\u00e1ria Para Realiza\u00e7\u00e3o do Est\u00e1gio - Engenharia de Redes de Comunica\u00e7\u00e3o\",\"isPartOf\":{\"@id\":\"https:\/\/redes.unb.br\/#website\"},\"datePublished\":\"2018-03-14T17:33:49+00:00\",\"dateModified\":\"2020-10-07T10:51:04+00:00\",\"breadcrumb\":{\"@id\":\"https:\/\/redes.unb.br\/index.php\/documentacao-necessaria-para-realizacao-do-estagio\/#breadcrumb\"},\"inLanguage\":\"pt-BR\",\"potentialAction\":[{\"@type\":\"ReadAction\",\"target\":[\"https:\/\/redes.unb.br\/index.php\/documentacao-necessaria-para-realizacao-do-estagio\/\"]}]},{\"@type\":\"BreadcrumbList\",\"@id\":\"https:\/\/redes.unb.br\/index.php\/documentacao-necessaria-para-realizacao-do-estagio\/#breadcrumb\",\"itemListElement\":[{\"@type\":\"ListItem\",\"position\":1,\"name\":\"Home\",\"item\":\"https:\/\/redes.unb.br\/\"},{\"@type\":\"ListItem\",\"position\":2,\"name\":\"Documenta\u00e7\u00e3o Necess\u00e1ria Para Realiza\u00e7\u00e3o do Est\u00e1gio\"}]},{\"@type\":\"WebSite\",\"@id\":\"https:\/\/redes.unb.br\/#website\",\"url\":\"https:\/\/redes.unb.br\/\",\"name\":\"Engenharia de Redes de Comunica\u00e7\u00e3o\",\"description\":\"UnB - Engenharia de Redes de Comunica\u00e7\u00e3o\",\"publisher\":{\"@id\":\"https:\/\/redes.unb.br\/#organization\"},\"potentialAction\":[{\"@type\":\"SearchAction\",\"target\":{\"@type\":\"EntryPoint\",\"urlTemplate\":\"https:\/\/redes.unb.br\/?s={search_term_string}\"},\"query-input\":{\"@type\":\"PropertyValueSpecification\",\"valueRequired\":true,\"valueName\":\"search_term_string\"}}],\"inLanguage\":\"pt-BR\"},{\"@type\":\"Organization\",\"@id\":\"https:\/\/redes.unb.br\/#organization\",\"name\":\"Engenharia de Redes de Comunica\u00e7\u00e3o\",\"url\":\"https:\/\/redes.unb.br\/\",\"logo\":{\"@type\":\"ImageObject\",\"inLanguage\":\"pt-BR\",\"@id\":\"https:\/\/redes.unb.br\/#\/schema\/logo\/image\/\",\"url\":\"https:\/\/redes.unb.br\/wp-content\/uploads\/2021\/03\/logoERC2021v3-e1618507382294.png\",\"contentUrl\":\"https:\/\/redes.unb.br\/wp-content\/uploads\/2021\/03\/logoERC2021v3-e1618507382294.png\",\"width\":553,\"height\":240,\"caption\":\"Engenharia de Redes de Comunica\u00e7\u00e3o\"},\"image\":{\"@id\":\"https:\/\/redes.unb.br\/#\/schema\/logo\/image\/\"}}]}<\/script>\n<!-- \/ Yoast SEO plugin. -->","yoast_head_json":{"title":"Documenta\u00e7\u00e3o Necess\u00e1ria Para Realiza\u00e7\u00e3o do Est\u00e1gio - Engenharia de Redes de Comunica\u00e7\u00e3o","robots":{"index":"index","follow":"follow","max-snippet":"max-snippet:-1","max-image-preview":"max-image-preview:large","max-video-preview":"max-video-preview:-1"},"canonical":"https:\/\/redes.unb.br\/index.php\/documentacao-necessaria-para-realizacao-do-estagio\/","og_locale":"pt_BR","og_type":"article","og_title":"Documenta\u00e7\u00e3o Necess\u00e1ria Para Realiza\u00e7\u00e3o do Est\u00e1gio - Engenharia de Redes de Comunica\u00e7\u00e3o","og_description":"Documentos para Matr\u00edcula &nbsp; Aten\u00e7\u00e3o, o prazo para solicita\u00e7\u00e3o de atividade complementar (m\u00f3dulo livre) \u00e9 at\u00e9 o 18 de Outubro de 2018 &nbsp; 0 &#8211; Formul\u00e1rio de Acompanhamento e Avalia\u00e7\u00e3o [&hellip;]","og_url":"https:\/\/redes.unb.br\/index.php\/documentacao-necessaria-para-realizacao-do-estagio\/","og_site_name":"Engenharia de Redes de Comunica\u00e7\u00e3o","article_modified_time":"2020-10-07T10:51:04+00:00","twitter_card":"summary_large_image","twitter_misc":{"Est. reading time":"1 minuto"},"schema":{"@context":"https:\/\/schema.org","@graph":[{"@type":"WebPage","@id":"https:\/\/redes.unb.br\/index.php\/documentacao-necessaria-para-realizacao-do-estagio\/","url":"https:\/\/redes.unb.br\/index.php\/documentacao-necessaria-para-realizacao-do-estagio\/","name":"Documenta\u00e7\u00e3o Necess\u00e1ria Para Realiza\u00e7\u00e3o do Est\u00e1gio - Engenharia de Redes de Comunica\u00e7\u00e3o","isPartOf":{"@id":"https:\/\/redes.unb.br\/#website"},"datePublished":"2018-03-14T17:33:49+00:00","dateModified":"2020-10-07T10:51:04+00:00","breadcrumb":{"@id":"https:\/\/redes.unb.br\/index.php\/documentacao-necessaria-para-realizacao-do-estagio\/#breadcrumb"},"inLanguage":"pt-BR","potentialAction":[{"@type":"ReadAction","target":["https:\/\/redes.unb.br\/index.php\/documentacao-necessaria-para-realizacao-do-estagio\/"]}]},{"@type":"BreadcrumbList","@id":"https:\/\/redes.unb.br\/index.php\/documentacao-necessaria-para-realizacao-do-estagio\/#breadcrumb","itemListElement":[{"@type":"ListItem","position":1,"name":"Home","item":"https:\/\/redes.unb.br\/"},{"@type":"ListItem","position":2,"name":"Documenta\u00e7\u00e3o Necess\u00e1ria Para Realiza\u00e7\u00e3o do Est\u00e1gio"}]},{"@type":"WebSite","@id":"https:\/\/redes.unb.br\/#website","url":"https:\/\/redes.unb.br\/","name":"Engenharia de Redes de Comunica\u00e7\u00e3o","description":"UnB - Engenharia de Redes de Comunica\u00e7\u00e3o","publisher":{"@id":"https:\/\/redes.unb.br\/#organization"},"potentialAction":[{"@type":"SearchAction","target":{"@type":"EntryPoint","urlTemplate":"https:\/\/redes.unb.br\/?s={search_term_string}"},"query-input":{"@type":"PropertyValueSpecification","valueRequired":true,"valueName":"search_term_string"}}],"inLanguage":"pt-BR"},{"@type":"Organization","@id":"https:\/\/redes.unb.br\/#organization","name":"Engenharia de Redes de Comunica\u00e7\u00e3o","url":"https:\/\/redes.unb.br\/","logo":{"@type":"ImageObject","inLanguage":"pt-BR","@id":"https:\/\/redes.unb.br\/#\/schema\/logo\/image\/","url":"https:\/\/redes.unb.br\/wp-content\/uploads\/2021\/03\/logoERC2021v3-e1618507382294.png","contentUrl":"https:\/\/redes.unb.br\/wp-content\/uploads\/2021\/03\/logoERC2021v3-e1618507382294.png","width":553,"height":240,"caption":"Engenharia de Redes de Comunica\u00e7\u00e3o"},"image":{"@id":"https:\/\/redes.unb.br\/#\/schema\/logo\/image\/"}}]}},"_links":{"self":[{"href":"https:\/\/redes.unb.br\/index.php\/wp-json\/wp\/v2\/pages\/1030","targetHints":{"allow":["GET"]}}],"collection":[{"href":"https:\/\/redes.unb.br\/index.php\/wp-json\/wp\/v2\/pages"}],"about":[{"href":"https:\/\/redes.unb.br\/index.php\/wp-json\/wp\/v2\/types\/page"}],"author":[{"embeddable":true,"href":"https:\/\/redes.unb.br\/index.php\/wp-json\/wp\/v2\/users\/2"}],"replies":[{"embeddable":true,"href":"https:\/\/redes.unb.br\/index.php\/wp-json\/wp\/v2\/comments?post=1030"}],"version-history":[{"count":35,"href":"https:\/\/redes.unb.br\/index.php\/wp-json\/wp\/v2\/pages\/1030\/revisions"}],"predecessor-version":[{"id":1563,"href":"https:\/\/redes.unb.br\/index.php\/wp-json\/wp\/v2\/pages\/1030\/revisions\/1563"}],"wp:attachment":[{"href":"https:\/\/redes.unb.br\/index.php\/wp-json\/wp\/v2\/media?parent=1030"}],"curies":[{"name":"wp","href":"https:\/\/api.w.org\/{rel}","templated":true}]}}