{"id":1291,"date":"2018-08-11T13:54:22","date_gmt":"2018-08-11T12:54:22","guid":{"rendered":"https:\/\/redes.unb.br\/?page_id=1291"},"modified":"2020-10-08T17:36:12","modified_gmt":"2020-10-08T16:36:12","slug":"estagio-supervisionado-em-engenharia-de-redes","status":"publish","type":"page","link":"https:\/\/redes.unb.br\/index.php\/estagio-supervisionado-em-engenharia-de-redes\/","title":{"rendered":"Est\u00e1gio Supervisionado Obrigat\u00f3rio"},"content":{"rendered":"<p>&nbsp;<\/p>\n<style>\n  .collapsing {<br \/>    background-color: white;<br \/>   }<br \/>  p{color:black;}<br \/><\/style>\n<p>&nbsp;<\/p>\n<hr \/>\n<div><strong>Nota T\u00e9cnica:<\/strong><\/div>\n<div>Prezados alunos.<br \/>\nAqueles alunos do curso de Engenharia de Redes de Comunica\u00e7\u00e3o que desejem neste 1o Semestre 2019 se matricular na disciplina &#8220;Est\u00e1gio Supervisionado Obrigat\u00f3rio&#8221; devem se atentar aos seguintes pontos:<\/div>\n<ul>\n<li>A disciplina de Est\u00e1gio Supervisionado em Engenharia de Redes de Comunica\u00e7\u00e3o ser\u00e1 ofertada SOMENTE para os discentes que s\u00e3o prov\u00e1veis formandos a partir de 2018.2 (Fluxo Novo), e que vieram do Fluxo Antigo com Per\u00edodo de Acompanhamento a partir de 2016.1. O(a)s candidato(a)s ter\u00e3o de comprovar que possuem no <strong>m\u00ednimo 150 cr\u00e9ditos ou 60% do curso (referente a um Total de 250 cr\u00e9ditos)<\/strong>;<\/li>\n<li><strong>Um dos requisitos para ser aprovado nesta disciplina \u00e9 ter no m\u00ednimo 180 horas de est\u00e1gio contadas a partir da data da matr\u00edcula<\/strong>;<\/li>\n<li>Em se tratando de atividades afins, o aluno profissionalmente ativo (j\u00e1 formalmente trabalhando na \u00e1rea) poder\u00e1 solicitar equival\u00eancia entre a sua Atividade Profissional e o Est\u00e1gio Obrigat\u00f3rio. Se voc\u00eb estiver neste caso entrar em contato com a profa. Cl\u00e1udia Abbas (barenco@unb.br)<\/li>\n<li>N\u00e3o existe retroatividade de concess\u00e3o de Est\u00e1gio Obrigat\u00f3rio.<\/li>\n<\/ul>\n<p>&nbsp;<\/p>\n<h3><strong>Datas para Inscri\u00e7\u00f5es:<\/strong><\/h3>\n<table align=\"center\">\n<tbody>\n<tr>\n<th><strong>LOCAL<\/strong><\/th>\n<th><strong>DIAS<\/strong><\/th>\n<th><strong>HOR\u00c1RIO<\/strong><\/th>\n<th><strong>PROFESSOR<\/strong><\/th>\n<\/tr>\n<tr>\n<td>Sala Prof\u00aa Cl\u00e1udia (Corredor Inferior do EnE)<\/td>\n<td align=\"center\">26\/Fev\/2019<\/td>\n<td align=\"center\">10:00-12:00<\/td>\n<td align=\"center\">CL\u00c1UDIA<\/td>\n<\/tr>\n<tr>\n<td>Sala Prof\u00aa Cl\u00e1udia (Corredor Inferior do EnE)<\/td>\n<td align=\"center\">27\/Fev\/2019<\/td>\n<td align=\"center\">10:00-12:00<\/td>\n<td align=\"center\">CL\u00c1UDIA<\/td>\n<\/tr>\n<tr>\n<td>Sala Prof\u00aa Cl\u00e1udia (Corredor Inferior do EnE)<\/td>\n<td align=\"center\">28\/Fev\/2019<\/td>\n<td align=\"center\">08:00-10:00<\/td>\n<td align=\"center\">CL\u00c1UDIA<\/td>\n<\/tr>\n<\/tbody>\n<\/table>\n<p>&nbsp;<\/p>\n<hr \/>\n<p>&nbsp;<\/p>\n<div>\n<h3><strong>Documentos para Matr\u00edcula no Est\u00e1gio Obrigat\u00f3rio<\/strong><\/h3>\n<\/div>\n<hr \/>\n<p>&nbsp;<\/p>\n<p>&nbsp;<\/p>\n<p>1 &#8211; <strong><a href=\"https:\/\/redes.unb.br\/wp-content\/uploads\/2018\/03\/termo_compromisso_estagio_obrigatorio_atual.doc\">C\u00f3pia do Termo de Compromisso de Est\u00e1gio (TCE) assinado pelo DAIA<\/a><\/strong><br \/>\n2 &#8211; <strong><a href=\"https:\/\/redes.unb.br\/wp-content\/uploads\/2018\/03\/Plano_Atividades.docx\">C\u00f3pia do Plano de Atividades de Est\u00e1gio (PAE) assinado com parecer do Orientador<\/a><\/strong> (Docente do Curso de Redes indicado pela Coordena\u00e7\u00e3o de Est\u00e1gio)<br \/>\n3 &#8211; Hist\u00f3rico escolar e espelho da matr\u00edcula (Obtido via Secretaria do EnE)<br \/>\n4 &#8211; <strong><a href=\"https:\/\/redes.unb.br\/wp-content\/uploads\/2018\/08\/CartaDeSolicita\u00e7\u00e3o-ERC2018.2rev.docx\">Carta de Solicita\u00e7\u00e3o<\/a><\/strong> (Preenchido pelo Estagi\u00e1rio)<\/p>\n<p>&nbsp;<\/p>\n<hr \/>\n<p>&nbsp;<\/p>\n<div>\n<h3><strong>Documentos para Recebimento dos Cr\u00e9ditos de Est\u00e1gio Obrigat\u00f3rio<\/strong><\/h3>\n<\/div>\n<hr \/>\n<p>1 &#8211; <strong><a href=\"https:\/\/redes.unb.br\/wp-content\/uploads\/2018\/03\/Ficha-de-Avalia\u00e7\u00e3o-no-Est\u00e1gio.pdf\">Ficha de Avalia\u00e7\u00e3o do Est\u00e1gio<\/a><\/strong> (Preenchido pelo Orientador &#8211; Docente do Curso de Redes -)<br \/>\n2 &#8211; <strong><a href=\"https:\/\/redes.unb.br\/wp-content\/uploads\/2018\/03\/Avaliacao_Estagiario_novo.doc\">Formul\u00e1rio de Avalia\u00e7\u00e3o da Concedente pelo Estagi\u00e1rio<\/a><\/strong> (Preenchido pelo Estagi\u00e1rio)<br \/>\n3 &#8211; <strong><a href=\"https:\/\/redes.unb.br\/wp-content\/uploads\/2020\/10\/Avaliacao_Concedente_revisado240820.doc\">Formul\u00e1rio de Avalia\u00e7\u00e3o de Desempenho de Estagi\u00e1rio pela Concedente<\/a><\/strong> (Preenchido pela Concedente e enviado ao Coordenador de Est\u00e1gio e Orientador)<br \/>\n4 &#8211; <strong><a href=\"https:\/\/redes.unb.br\/wp-content\/uploads\/2018\/03\/Modelo_Relatorio-ERC2018-1.docx\">Relat\u00f3rio T\u00e9cnico de Est\u00e1gio<\/a><\/strong> (modelo)<br \/>\n&nbsp;<\/p>\n<hr \/>\n<p>&nbsp;<\/p>\n<div>\n<h3><strong>Prazo para Entrega da Documenta\u00e7\u00e3o<\/strong><\/h3>\n<\/div>\n<hr \/>\n<p><span class=\"postitle\"><span class=\"postitle\"><br \/>\n<\/span><\/span><\/p>\n<table align=\"center\">\n<tbody>\n<tr>\n<th><strong>LOCAL<\/strong><\/th>\n<th><strong>DATA<\/strong><\/th>\n<th><strong>HOR\u00c1RIO<\/strong><\/th>\n<th><strong>PROFESSOR<\/strong><\/th>\n<\/tr>\n<tr>\n<td>Sala Prof\u00aa Cl\u00e1udia (Corredor Inferior do EnE)<\/td>\n<td align=\"center\">\u00e0 DEFINIR<\/td>\n<td align=\"center\">\u00e0 DEFINIR<\/td>\n<td align=\"center\">CL\u00c1UDIA<\/td>\n<\/tr>\n<tr>\n<td>Sala Prof\u00aa Cl\u00e1udia (Corredor Inferior do EnE)<\/td>\n<td align=\"center\">\u00e0 DEFINIR<\/td>\n<td align=\"center\">\u00e0 DEFINIR<\/td>\n<td align=\"center\">CL\u00c1UDIA<\/td>\n<\/tr>\n<\/tbody>\n<\/table>\n<p>No dia <strong>31.10.2019<\/strong> das 10:00 \u00e0s 13:00 horas.<\/p>\n<p>A <strong>n\u00e3o entrega de TODA Documenta\u00e7\u00e3o<\/strong>, no prazo indicado, <strong>e apresenta\u00e7\u00e3o de DEFESA ORAL do Relat\u00f3rio T\u00e9cnico<\/strong> (em data a ser posteriormente acordada), implicar\u00e1 em <strong>REPROVA\u00c7\u00c3O<\/strong> na referida disciplina.<\/p>\n","protected":false},"excerpt":{"rendered":"<p>&nbsp; &nbsp; Nota T\u00e9cnica: Prezados alunos. Aqueles alunos do curso de Engenharia de Redes de Comunica\u00e7\u00e3o que desejem neste 1o Semestre 2019 se matricular na disciplina &#8220;Est\u00e1gio Supervisionado Obrigat\u00f3rio&#8221; devem [&hellip;]<\/p>\n","protected":false},"author":2,"featured_media":0,"parent":0,"menu_order":0,"comment_status":"closed","ping_status":"closed","template":"page-fullwidth.php","meta":{"_acf_changed":false,"footnotes":""},"class_list":["post-1291","page","type-page","status-publish","hentry"],"blocksy_meta":[],"acf":[],"yoast_head":"<!-- This site is optimized with the Yoast SEO plugin v25.9 - https:\/\/yoast.com\/wordpress\/plugins\/seo\/ -->\n<title>Est\u00e1gio Supervisionado Obrigat\u00f3rio - Engenharia de Redes de Comunica\u00e7\u00e3o<\/title>\n<meta name=\"robots\" content=\"index, follow, max-snippet:-1, max-image-preview:large, max-video-preview:-1\" \/>\n<link rel=\"canonical\" href=\"https:\/\/redes.unb.br\/index.php\/estagio-supervisionado-em-engenharia-de-redes\/\" \/>\n<meta property=\"og:locale\" content=\"pt_BR\" \/>\n<meta property=\"og:type\" content=\"article\" \/>\n<meta property=\"og:title\" content=\"Est\u00e1gio Supervisionado Obrigat\u00f3rio - Engenharia de Redes de Comunica\u00e7\u00e3o\" \/>\n<meta property=\"og:description\" content=\"&nbsp; &nbsp; Nota T\u00e9cnica: Prezados alunos. Aqueles alunos do curso de Engenharia de Redes de Comunica\u00e7\u00e3o que desejem neste 1o Semestre 2019 se matricular na disciplina &#8220;Est\u00e1gio Supervisionado Obrigat\u00f3rio&#8221; devem [&hellip;]\" \/>\n<meta property=\"og:url\" content=\"https:\/\/redes.unb.br\/index.php\/estagio-supervisionado-em-engenharia-de-redes\/\" \/>\n<meta property=\"og:site_name\" content=\"Engenharia de Redes de Comunica\u00e7\u00e3o\" \/>\n<meta property=\"article:modified_time\" content=\"2020-10-08T16:36:12+00:00\" \/>\n<meta name=\"twitter:card\" content=\"summary_large_image\" \/>\n<meta name=\"twitter:label1\" content=\"Est. reading time\" \/>\n\t<meta name=\"twitter:data1\" content=\"2 minutos\" \/>\n<script type=\"application\/ld+json\" class=\"yoast-schema-graph\">{\"@context\":\"https:\/\/schema.org\",\"@graph\":[{\"@type\":\"WebPage\",\"@id\":\"https:\/\/redes.unb.br\/index.php\/estagio-supervisionado-em-engenharia-de-redes\/\",\"url\":\"https:\/\/redes.unb.br\/index.php\/estagio-supervisionado-em-engenharia-de-redes\/\",\"name\":\"Est\u00e1gio Supervisionado Obrigat\u00f3rio - Engenharia de Redes de Comunica\u00e7\u00e3o\",\"isPartOf\":{\"@id\":\"https:\/\/redes.unb.br\/#website\"},\"datePublished\":\"2018-08-11T12:54:22+00:00\",\"dateModified\":\"2020-10-08T16:36:12+00:00\",\"breadcrumb\":{\"@id\":\"https:\/\/redes.unb.br\/index.php\/estagio-supervisionado-em-engenharia-de-redes\/#breadcrumb\"},\"inLanguage\":\"pt-BR\",\"potentialAction\":[{\"@type\":\"ReadAction\",\"target\":[\"https:\/\/redes.unb.br\/index.php\/estagio-supervisionado-em-engenharia-de-redes\/\"]}]},{\"@type\":\"BreadcrumbList\",\"@id\":\"https:\/\/redes.unb.br\/index.php\/estagio-supervisionado-em-engenharia-de-redes\/#breadcrumb\",\"itemListElement\":[{\"@type\":\"ListItem\",\"position\":1,\"name\":\"Home\",\"item\":\"https:\/\/redes.unb.br\/\"},{\"@type\":\"ListItem\",\"position\":2,\"name\":\"Est\u00e1gio Supervisionado Obrigat\u00f3rio\"}]},{\"@type\":\"WebSite\",\"@id\":\"https:\/\/redes.unb.br\/#website\",\"url\":\"https:\/\/redes.unb.br\/\",\"name\":\"Engenharia de Redes de Comunica\u00e7\u00e3o\",\"description\":\"UnB - Engenharia de Redes de Comunica\u00e7\u00e3o\",\"publisher\":{\"@id\":\"https:\/\/redes.unb.br\/#organization\"},\"potentialAction\":[{\"@type\":\"SearchAction\",\"target\":{\"@type\":\"EntryPoint\",\"urlTemplate\":\"https:\/\/redes.unb.br\/?s={search_term_string}\"},\"query-input\":{\"@type\":\"PropertyValueSpecification\",\"valueRequired\":true,\"valueName\":\"search_term_string\"}}],\"inLanguage\":\"pt-BR\"},{\"@type\":\"Organization\",\"@id\":\"https:\/\/redes.unb.br\/#organization\",\"name\":\"Engenharia de Redes de Comunica\u00e7\u00e3o\",\"url\":\"https:\/\/redes.unb.br\/\",\"logo\":{\"@type\":\"ImageObject\",\"inLanguage\":\"pt-BR\",\"@id\":\"https:\/\/redes.unb.br\/#\/schema\/logo\/image\/\",\"url\":\"https:\/\/redes.unb.br\/wp-content\/uploads\/2021\/03\/logoERC2021v3-e1618507382294.png\",\"contentUrl\":\"https:\/\/redes.unb.br\/wp-content\/uploads\/2021\/03\/logoERC2021v3-e1618507382294.png\",\"width\":553,\"height\":240,\"caption\":\"Engenharia de Redes de Comunica\u00e7\u00e3o\"},\"image\":{\"@id\":\"https:\/\/redes.unb.br\/#\/schema\/logo\/image\/\"}}]}<\/script>\n<!-- \/ Yoast SEO plugin. -->","yoast_head_json":{"title":"Est\u00e1gio Supervisionado Obrigat\u00f3rio - Engenharia de Redes de Comunica\u00e7\u00e3o","robots":{"index":"index","follow":"follow","max-snippet":"max-snippet:-1","max-image-preview":"max-image-preview:large","max-video-preview":"max-video-preview:-1"},"canonical":"https:\/\/redes.unb.br\/index.php\/estagio-supervisionado-em-engenharia-de-redes\/","og_locale":"pt_BR","og_type":"article","og_title":"Est\u00e1gio Supervisionado Obrigat\u00f3rio - Engenharia de Redes de Comunica\u00e7\u00e3o","og_description":"&nbsp; &nbsp; Nota T\u00e9cnica: Prezados alunos. Aqueles alunos do curso de Engenharia de Redes de Comunica\u00e7\u00e3o que desejem neste 1o Semestre 2019 se matricular na disciplina &#8220;Est\u00e1gio Supervisionado Obrigat\u00f3rio&#8221; devem [&hellip;]","og_url":"https:\/\/redes.unb.br\/index.php\/estagio-supervisionado-em-engenharia-de-redes\/","og_site_name":"Engenharia de Redes de Comunica\u00e7\u00e3o","article_modified_time":"2020-10-08T16:36:12+00:00","twitter_card":"summary_large_image","twitter_misc":{"Est. reading time":"2 minutos"},"schema":{"@context":"https:\/\/schema.org","@graph":[{"@type":"WebPage","@id":"https:\/\/redes.unb.br\/index.php\/estagio-supervisionado-em-engenharia-de-redes\/","url":"https:\/\/redes.unb.br\/index.php\/estagio-supervisionado-em-engenharia-de-redes\/","name":"Est\u00e1gio Supervisionado Obrigat\u00f3rio - Engenharia de Redes de Comunica\u00e7\u00e3o","isPartOf":{"@id":"https:\/\/redes.unb.br\/#website"},"datePublished":"2018-08-11T12:54:22+00:00","dateModified":"2020-10-08T16:36:12+00:00","breadcrumb":{"@id":"https:\/\/redes.unb.br\/index.php\/estagio-supervisionado-em-engenharia-de-redes\/#breadcrumb"},"inLanguage":"pt-BR","potentialAction":[{"@type":"ReadAction","target":["https:\/\/redes.unb.br\/index.php\/estagio-supervisionado-em-engenharia-de-redes\/"]}]},{"@type":"BreadcrumbList","@id":"https:\/\/redes.unb.br\/index.php\/estagio-supervisionado-em-engenharia-de-redes\/#breadcrumb","itemListElement":[{"@type":"ListItem","position":1,"name":"Home","item":"https:\/\/redes.unb.br\/"},{"@type":"ListItem","position":2,"name":"Est\u00e1gio Supervisionado Obrigat\u00f3rio"}]},{"@type":"WebSite","@id":"https:\/\/redes.unb.br\/#website","url":"https:\/\/redes.unb.br\/","name":"Engenharia de Redes de Comunica\u00e7\u00e3o","description":"UnB - Engenharia de Redes de Comunica\u00e7\u00e3o","publisher":{"@id":"https:\/\/redes.unb.br\/#organization"},"potentialAction":[{"@type":"SearchAction","target":{"@type":"EntryPoint","urlTemplate":"https:\/\/redes.unb.br\/?s={search_term_string}"},"query-input":{"@type":"PropertyValueSpecification","valueRequired":true,"valueName":"search_term_string"}}],"inLanguage":"pt-BR"},{"@type":"Organization","@id":"https:\/\/redes.unb.br\/#organization","name":"Engenharia de Redes de Comunica\u00e7\u00e3o","url":"https:\/\/redes.unb.br\/","logo":{"@type":"ImageObject","inLanguage":"pt-BR","@id":"https:\/\/redes.unb.br\/#\/schema\/logo\/image\/","url":"https:\/\/redes.unb.br\/wp-content\/uploads\/2021\/03\/logoERC2021v3-e1618507382294.png","contentUrl":"https:\/\/redes.unb.br\/wp-content\/uploads\/2021\/03\/logoERC2021v3-e1618507382294.png","width":553,"height":240,"caption":"Engenharia de Redes de Comunica\u00e7\u00e3o"},"image":{"@id":"https:\/\/redes.unb.br\/#\/schema\/logo\/image\/"}}]}},"_links":{"self":[{"href":"https:\/\/redes.unb.br\/index.php\/wp-json\/wp\/v2\/pages\/1291","targetHints":{"allow":["GET"]}}],"collection":[{"href":"https:\/\/redes.unb.br\/index.php\/wp-json\/wp\/v2\/pages"}],"about":[{"href":"https:\/\/redes.unb.br\/index.php\/wp-json\/wp\/v2\/types\/page"}],"author":[{"embeddable":true,"href":"https:\/\/redes.unb.br\/index.php\/wp-json\/wp\/v2\/users\/2"}],"replies":[{"embeddable":true,"href":"https:\/\/redes.unb.br\/index.php\/wp-json\/wp\/v2\/comments?post=1291"}],"version-history":[{"count":43,"href":"https:\/\/redes.unb.br\/index.php\/wp-json\/wp\/v2\/pages\/1291\/revisions"}],"predecessor-version":[{"id":1564,"href":"https:\/\/redes.unb.br\/index.php\/wp-json\/wp\/v2\/pages\/1291\/revisions\/1564"}],"wp:attachment":[{"href":"https:\/\/redes.unb.br\/index.php\/wp-json\/wp\/v2\/media?parent=1291"}],"curies":[{"name":"wp","href":"https:\/\/api.w.org\/{rel}","templated":true}]}}