{"id":243,"date":"2016-11-23T15:48:11","date_gmt":"2016-11-23T17:48:11","guid":{"rendered":"http:\/\/homol.redes.unb.br\/redes\/?page_id=243"},"modified":"2024-02-09T00:05:12","modified_gmt":"2024-02-08T23:05:12","slug":"projetos","status":"publish","type":"page","link":"https:\/\/redes.unb.br\/index.php\/projetos\/","title":{"rendered":"Projetos"},"content":{"rendered":"<p><span style=\"color: #23282d; font-size: 1.6em; font-weight: 600;\">Projetos de Pesquisa<\/span><\/p>\n<hr \/>\n<div>\n<div class=\"container\">\n<p><button class=\"btn btn-info\" type=\"button\" data-toggle=\"collapse\" data-target=\"#legal\">Embasamento Legal<\/button><\/p>\n<div id=\"legal\" class=\"collapse\">\n<ul>\n<li><a href=\"https:\/\/redes.unb.br\/wp-content\/uploads\/2018\/04\/01-Resolucao-CAD_02_2012-art-5-item-5-e-art-9.pdf\" target=\"_blank\" rel=\"noopener noreferrer\">Resolu\u00e7\u00e3o CAD_02_2012 (art 5 item 5 e art 9)<\/a><\/li>\n<li><a href=\"https:\/\/redes.unb.br\/wp-content\/uploads\/2018\/04\/02%20Circular%200041-2013.pdf\" target=\"_blank\" rel=\"noopener noreferrer\">Circular 0041-2013<\/a><\/li>\n<li><a href=\"https:\/\/redes.unb.br\/wp-content\/uploads\/2018\/04\/03%20Circular%20Conjunta%20001-2014.pdf\" target=\"_blank\" rel=\"noopener noreferrer\">Circular Conjunta 001-2014<\/a><\/li>\n<li><a href=\"https:\/\/redes.unb.br\/wp-content\/uploads\/2018\/04\/04%20Parecer%20PJU%2000411_2017.pdf\" target=\"_blank\" rel=\"noopener noreferrer\">Parecer PJU 00411_2017<\/a><\/li>\n<li><a href=\"https:\/\/redes.unb.br\/wp-content\/uploads\/2018\/04\/05%20ATA%20377%20CAD%20marcada.pdf\" target=\"_blank\" rel=\"noopener noreferrer\">ATA 377 CAD marcada<\/a><\/li>\n<li><a href=\"https:\/\/redes.unb.br\/wp-content\/uploads\/2018\/04\/05%20ATA%20378%20CAD%20marcada.pdf\" target=\"_blank\" rel=\"noopener noreferrer\">ATA 378 CAD marcada<\/a><\/li>\n<li><a href=\"https:\/\/redes.unb.br\/wp-content\/uploads\/2018\/04\/06%20Resolu%C3%A7%C3%A3o%20CAD%20003-2018%20bolsas.pdf\" target=\"_blank\" rel=\"noopener noreferrer\">Resolu\u00e7\u00e3o CAD 003-2018 bolsas<\/a><\/li>\n<li><a href=\"https:\/\/redes.unb.br\/wp-content\/uploads\/2018\/04\/06%20Resolu%C3%A7%C3%A3o%20Consuni%200005-2018%20funda%C3%A7%C3%B5es%20de%20apoio.pdf\" target=\"_blank\" rel=\"noopener noreferrer\">Resolu\u00e7\u00e3o Consuni 0005-2018 funda\u00e7\u00f5es de apoio<\/a><\/li>\n<\/ul>\n<\/div>\n<\/div>\n<hr \/>\n<div class=\"container\">\n<p><button class=\"btn btn-info\" type=\"button\" data-toggle=\"collapse\" data-target=\"#champub\">Chamadas P\u00fablicas Recentes<\/button><\/p>\n<div id=\"champub\" class=\"collapse\">\n<!=========Events Timeline Template 2.5.0=========><div id=\"event-timeline-wrapper\" class=\"champub style-1\"><div class=\"cool-event-timeline\"><div class=\"ect-timeline-year\">\n\t\t\t\t\t\t<div class=\"year-placeholder\"><!-- Month \/ Year Headers --><span class='month-year-box'>jan 2025<\/span><\/div>\n\t\t\t\t\t\t<\/div><div id=\"post-2565\" class=\"ect-timeline-post even ect-featured-event style-1 \"><div class=\"timeline-dots\"><\/div><div class=\"timeline-content even\"><div class=\"ect-timeline-header\"><a class=\"timeline-ev-img\" href=\"https:\/\/redes.unb.br\/index.php\/event\/chamada-publica-simplificada-enap-2024-2025\/\"><img src= \"https:\/\/redes.unb.br\/wp-content\/uploads\/2025\/01\/CapturarENAP.png\"\/><\/a><\/div><div class=\"ect-timeline-main-content\"><div class=\"ect-timeline-date\"><div class=\"ect-date-area timeline-schedule\"><span class=\"ev-day\">02<\/span>\n\t\t\t\t\t<span class=\"ev-mo\">janeiro<\/span>\n\t\t\t\t\t<span class=\"ev-yr\">2025<\/span><\/div><\/div><h2 class=\"content-title\"><a class=\"ect-event-url\" href=\"https:\/\/redes.unb.br\/index.php\/event\/chamada-publica-simplificada-enap-2024-2025\/\" rel=\"bookmark\">Chamada P\u00fablica Simplificada \u2013 ENAP 2024\/2025<\/a><\/h2><!-- Event Content --><div class=\"ect-event-content\"><p>O Laborat\u00f3rio de Tecnologia da Tomada de Decis\u00e3o \u2013 Latitude, vinculado a Universidade de Bras\u00edlia, em parceria com a Funda\u00e7\u00e3o de Apoio \u00e0 Pesquisa (FUNAPE), entidade jur\u00eddica de direito privado [&hellip;]<\/p>\n<\/div><\/div>      <div class=\"ect-lslist-event-detail\">\n\t        <a href=\"https:\/\/redes.unb.br\/index.php\/event\/chamada-publica-simplificada-enap-2024-2025\/\" title=\"Chamada P\u00fablica Simplificada \u2013 ENAP 2024\/2025\" rel=\"bookmark\">Find out more<\/a>\n\t        <\/div><\/div><\/div><div id=\"post-2561\" class=\"ect-timeline-post odd ect-featured-event style-1 \"><div class=\"timeline-dots\"><\/div><div class=\"timeline-content odd\"><div class=\"ect-timeline-header\"><a class=\"timeline-ev-img\" href=\"https:\/\/redes.unb.br\/index.php\/event\/chamada-publica-simplificada-tre-2024-2025\/\"><img src= \"https:\/\/redes.unb.br\/wp-content\/uploads\/2025\/01\/images.jpg\"\/><\/a><\/div><div class=\"ect-timeline-main-content\"><div class=\"ect-timeline-date\"><div class=\"ect-date-area timeline-schedule\"><span class=\"ev-day\">02<\/span>\n\t\t\t\t\t<span class=\"ev-mo\">janeiro<\/span>\n\t\t\t\t\t<span class=\"ev-yr\">2025<\/span><\/div><\/div><h2 class=\"content-title\"><a class=\"ect-event-url\" href=\"https:\/\/redes.unb.br\/index.php\/event\/chamada-publica-simplificada-tre-2024-2025\/\" rel=\"bookmark\">Chamada P\u00fablica Simplificada &#8211; TRE<\/a><\/h2><!-- Event Content --><div class=\"ect-event-content\"><p>O Laborat\u00f3rio de Tecnologia da Tomada de Decis\u00e3o \u2013 Latitude, vinculado a Universidade de Bras\u00edlia, em parceria com a Funda\u00e7\u00e3o de Apoio \u00e0 Pesquisa (FUNAPE), entidade jur\u00eddica de direito privado [&hellip;]<\/p>\n<\/div><\/div>      <div class=\"ect-lslist-event-detail\">\n\t        <a href=\"https:\/\/redes.unb.br\/index.php\/event\/chamada-publica-simplificada-tre-2024-2025\/\" title=\"Chamada P\u00fablica Simplificada &#8211; TRE\" rel=\"bookmark\">Find out more<\/a>\n\t        <\/div><\/div><\/div><div class=\"ect-timeline-year\">\n\t\t\t\t\t\t<div class=\"year-placeholder\"><!-- Month \/ Year Headers --><span class='month-year-box'>fev 2024<\/span><\/div>\n\t\t\t\t\t\t<\/div><div id=\"post-2360\" class=\"ect-timeline-post even ect-featured-event style-1 \"><div class=\"timeline-dots\"><\/div><div class=\"timeline-content even\"><div class=\"ect-timeline-header\"><a class=\"timeline-ev-img\" href=\"https:\/\/redes.unb.br\/index.php\/event\/chamada-publica-simplificada-vinculada-ao-edital-10-2023-programa-fapdf-learning\/\"><img src= \"https:\/\/redes.unb.br\/wp-content\/uploads\/2024\/02\/faP.png\"\/><\/a><\/div><div class=\"ect-timeline-main-content\"><div class=\"ect-timeline-date\"><div class=\"ect-date-area timeline-schedule\"><span class=\"ev-day\">09<\/span>\n\t\t\t\t\t<span class=\"ev-mo\">fevereiro<\/span>\n\t\t\t\t\t<span class=\"ev-yr\">2024<\/span><\/div><\/div><h2 class=\"content-title\"><a class=\"ect-event-url\" href=\"https:\/\/redes.unb.br\/index.php\/event\/chamada-publica-simplificada-vinculada-ao-edital-10-2023-programa-fapdf-learning\/\" rel=\"bookmark\">CHAMADA P\u00daBLICA SIMPLIFICADA &#8211; Vinculada ao Edital  10\/2023 \u2013 Programa FAPDF LEARNING<\/a><\/h2><!-- Event Content --><div class=\"ect-event-content\"><p>O Laborat\u00f3rio de Tecnologia da Tomada de Decis\u00e3o \u2013 Latitude, vinculado a Universidade de Bras\u00edlia, em parceria com a Funda\u00e7\u00e3o de Apoio \u00e0 Pesquisa do Distrito Federal (FAPDF), entidade com [&hellip;]<\/p>\n<\/div><\/div>      <div class=\"ect-lslist-event-detail\">\n\t        <a href=\"https:\/\/redes.unb.br\/index.php\/event\/chamada-publica-simplificada-vinculada-ao-edital-10-2023-programa-fapdf-learning\/\" title=\"CHAMADA P\u00daBLICA SIMPLIFICADA &#8211; Vinculada ao Edital  10\/2023 \u2013 Programa FAPDF LEARNING\" rel=\"bookmark\">Find out more<\/a>\n\t        <\/div><\/div><\/div><div class=\"ect-timeline-year\">\n\t\t\t\t\t\t<div class=\"year-placeholder\"><!-- Month \/ Year Headers --><span class='month-year-box'>dez 2023<\/span><\/div>\n\t\t\t\t\t\t<\/div><div id=\"post-2330\" class=\"ect-timeline-post odd ect-featured-event style-1 \"><div class=\"timeline-dots\"><\/div><div class=\"timeline-content odd\"><div class=\"ect-timeline-header\"><a class=\"timeline-ev-img\" href=\"https:\/\/redes.unb.br\/index.php\/event\/chamada-publica-simplificada-mgi\/\"><img src= \"https:\/\/redes.unb.br\/wp-content\/uploads\/2024\/01\/logonew.png\"\/><\/a><\/div><div class=\"ect-timeline-main-content\"><div class=\"ect-timeline-date\"><div class=\"ect-date-area timeline-schedule\"><span class=\"ev-day\">12<\/span>\n\t\t\t\t\t<span class=\"ev-mo\">dezembro<\/span>\n\t\t\t\t\t<span class=\"ev-yr\">2023<\/span><\/div><\/div><h2 class=\"content-title\"><a class=\"ect-event-url\" href=\"https:\/\/redes.unb.br\/index.php\/event\/chamada-publica-simplificada-mgi\/\" rel=\"bookmark\">Chamada P\u00fablica Simplificada &#8211; MGI<\/a><\/h2><!-- Event Content --><div class=\"ect-event-content\"><p>O Laborat\u00f3rio de Tecnologia da Tomada de Decis\u00e3o \u2013 Latitude, vinculado a Universidade de Bras\u00edlia, em parceria com a Funda\u00e7\u00e3o de Apoio \u00e0 Pesquisa (FUNAPE), entidade jur\u00eddica de direito privado [&hellip;]<\/p>\n<\/div><\/div>      <div class=\"ect-lslist-event-detail\">\n\t        <a href=\"https:\/\/redes.unb.br\/index.php\/event\/chamada-publica-simplificada-mgi\/\" title=\"Chamada P\u00fablica Simplificada &#8211; MGI\" rel=\"bookmark\">Find out more<\/a>\n\t        <\/div><\/div><\/div><div class=\"ect-timeline-year\">\n\t\t\t\t\t\t<div class=\"year-placeholder\"><!-- Month \/ Year Headers --><span class='month-year-box'>jul 2022<\/span><\/div>\n\t\t\t\t\t\t<\/div><div id=\"post-1770\" class=\"ect-timeline-post even ect-simple-event style-1 \"><div class=\"timeline-dots\"><\/div><div class=\"timeline-content even\"><div class=\"ect-timeline-header\"><a class=\"timeline-ev-img\" href=\"https:\/\/redes.unb.br\/index.php\/event\/chamada-publica-simplificada-no-pgfn-01-2021\/\"><img src= \"https:\/\/redes.unb.br\/wp-content\/uploads\/2021\/08\/Logomarca_Procuradoria-Geral_da_Fazenda_Nacional-e1630447769151.png\"\/><\/a><\/div><div class=\"ect-timeline-main-content\"><div class=\"ect-timeline-date\"><div class=\"ect-date-area timeline-schedule\"><span class=\"ev-day\">01<\/span>\n\t\t\t\t\t<span class=\"ev-mo\">julho<\/span>\n\t\t\t\t\t<span class=\"ev-yr\">2022<\/span><\/div><\/div><h2 class=\"content-title\"><a class=\"ect-event-url\" href=\"https:\/\/redes.unb.br\/index.php\/event\/chamada-publica-simplificada-no-pgfn-01-2021\/\" rel=\"bookmark\">Chamada P\u00fablica UnB PGFN<\/a><\/h2><!-- Event Content --><div class=\"ect-event-content\"><p>CHAMADA P\u00daBLICA SIMPLIFICADA N\u00ba PGFN SELE\u00c7\u00c3O DE PESQUISADORES PROJETO: \u201cPesquisa, desenvolvimento e inova\u00e7\u00e3o visa realizar um estudo de inova\u00e7\u00f5es tecnol\u00f3gicas, nas \u00e1reas de tecnologia da informa\u00e7\u00e3o, com \u00eanfase na interoperabilidade [&hellip;]<\/p>\n<\/div><\/div>      <div class=\"ect-lslist-event-detail\">\n\t        <a href=\"https:\/\/redes.unb.br\/index.php\/event\/chamada-publica-simplificada-no-pgfn-01-2021\/\" title=\"Chamada P\u00fablica UnB PGFN\" rel=\"bookmark\">Find out more<\/a>\n\t        <\/div><\/div><\/div><div class=\"ect-timeline-year\">\n\t\t\t\t\t\t<div class=\"year-placeholder\"><!-- Month \/ Year Headers --><span class='month-year-box'>jun 2022<\/span><\/div>\n\t\t\t\t\t\t<\/div><div id=\"post-2097\" class=\"ect-timeline-post odd ect-featured-event style-1 \"><div class=\"timeline-dots\"><\/div><div class=\"timeline-content odd\"><div class=\"ect-timeline-header\"><a class=\"timeline-ev-img\" href=\"https:\/\/redes.unb.br\/index.php\/event\/chamada-publica-simplificada-mestrado-profissional-mjsp-no-01-2022-selecao-de-pesquisadores\/\"><img src= \"https:\/\/redes.unb.br\/wp-content\/uploads\/2022\/06\/2560px-Webysther_20160322_-_Logo_UnB_sem_texto.svg_-1024x512.png\"\/><\/a><\/div><div class=\"ect-timeline-main-content\"><div class=\"ect-timeline-date\"><div class=\"ect-date-area timeline-schedule\"><span class=\"ev-day\">04<\/span>\n\t\t\t\t\t<span class=\"ev-mo\">junho<\/span>\n\t\t\t\t\t<span class=\"ev-yr\">2022<\/span><\/div><\/div><h2 class=\"content-title\"><a class=\"ect-event-url\" href=\"https:\/\/redes.unb.br\/index.php\/event\/chamada-publica-simplificada-mestrado-profissional-mjsp-no-01-2022-selecao-de-pesquisadores\/\" rel=\"bookmark\">CHAMADA P\u00daBLICA SIMPLIFICADA MESTRADO PROFISSIONAL- MJSP &#8211; N\u00ba 01\/2022<\/a><\/h2><!-- Event Content --><div class=\"ect-event-content\"><p>SELE\u00c7\u00c3O DE PESQUISADORES \u201cMestrado Profissional em Engenharia El\u00e9trica, CHAMADA P\u00daBLICA SIMPLIFICADA MESTRADO PROFISSIONAL- MJSP &nbsp; Sele\u00e7\u00e3o P\u00fablica Mestrado Profissional MJSP n\u00b0 001\/2026 Sele\u00e7\u00e3o P\u00fablica Mestrado Profissional MJSP n\u00b0 001\/2026 &nbsp; [&hellip;]<\/p>\n<\/div><\/div>      <div class=\"ect-lslist-event-detail\">\n\t        <a href=\"https:\/\/redes.unb.br\/index.php\/event\/chamada-publica-simplificada-mestrado-profissional-mjsp-no-01-2022-selecao-de-pesquisadores\/\" title=\"CHAMADA P\u00daBLICA SIMPLIFICADA MESTRADO PROFISSIONAL- MJSP &#8211; N\u00ba 01\/2022\" rel=\"bookmark\">Find out more<\/a>\n\t        <\/div><\/div><\/div><div class=\"ect-timeline-year\">\n\t\t\t\t\t\t<div class=\"year-placeholder\"><!-- Month \/ Year Headers --><span class='month-year-box'>dez 2021<\/span><\/div>\n\t\t\t\t\t\t<\/div><div id=\"post-1877\" class=\"ect-timeline-post even ect-simple-event style-1 \"><div class=\"timeline-dots\"><\/div><div class=\"timeline-content even\"><div class=\"ect-timeline-header\"><a class=\"timeline-ev-img\" href=\"https:\/\/redes.unb.br\/index.php\/event\/chamada-publica-mc-snas\/\"><img src= \"https:\/\/redes.unb.br\/wp-content\/uploads\/2020\/01\/ASSINATURA_CIDADANIA_216X64px.png\"\/><\/a><\/div><div class=\"ect-timeline-main-content\"><div class=\"ect-timeline-date\"><div class=\"ect-date-area timeline-schedule\"><span class=\"ev-day\">09<\/span>\n\t\t\t\t\t<span class=\"ev-mo\">dezembro<\/span>\n\t\t\t\t\t<span class=\"ev-yr\">2021<\/span><\/div><\/div><h2 class=\"content-title\"><a class=\"ect-event-url\" href=\"https:\/\/redes.unb.br\/index.php\/event\/chamada-publica-mc-snas\/\" rel=\"bookmark\">Chamada P\u00fablica SNAS\/MC<\/a><\/h2><!-- Event Content --><div class=\"ect-event-content\"><p>Chamada P\u00fablica MC \u2013 SNAS SELE\u00c7\u00c3O DE PESQUISADORES PARA O PROJETO: \u201cPESQUISA APLICADA \u00c0 INTEGRA\u00c7\u00c3O DE INOVA\u00c7\u00d5ES TECNOL\u00d3GICAS \u00c0 ARQUITETURA DE SISTEMAS DE INFORMA\u00c7\u00c3O DA SECRETARIA NACIONAL DE ASSIST\u00caNCIA SOCIAL [&hellip;]<\/p>\n<\/div><\/div>      <div class=\"ect-lslist-event-detail\">\n\t        <a href=\"https:\/\/redes.unb.br\/index.php\/event\/chamada-publica-mc-snas\/\" title=\"Chamada P\u00fablica SNAS\/MC\" rel=\"bookmark\">Find out more<\/a>\n\t        <\/div><\/div><\/div><\/div><\/div>\n<\/div>\n<\/div>\n<div class=\"container\">\n<p><button class=\"btn btn-info\" spellcheck=\"false\" type=\"button\" data-toggle=\"collapse\" data-target=\"#todas\" data-lt-tmp-id=\"lt-988110\" data-gramm=\"false\"><a href=\"https:\/\/redes.unb.br\/index.php\/eventos\/lista\/?tribe_paged=4&amp;tribe_event_display=list&amp;tribe-bar-date=2011-04-04\">Demais Chamadas P\u00fablicas<\/a><\/button><\/p>\n<div id=\"todas\" class=\"collapse\"><\/div>\n<\/div>\n<p>&nbsp;<\/p>\n<div>\n<h2>Datasets<\/h2>\n<hr \/>\n<\/div>\n<p>&nbsp;<\/p>\n<\/div>\n","protected":false},"excerpt":{"rendered":"<p>Projetos de Pesquisa Embasamento Legal Resolu\u00e7\u00e3o CAD_02_2012 (art 5 item 5 e art 9) Circular 0041-2013 Circular Conjunta 001-2014 Parecer PJU 00411_2017 ATA 377 CAD marcada ATA 378 CAD marcada [&hellip;]<\/p>\n","protected":false},"author":2,"featured_media":0,"parent":0,"menu_order":0,"comment_status":"closed","ping_status":"closed","template":"page-fullwidth.php","meta":{"_acf_changed":false,"footnotes":""},"class_list":["post-243","page","type-page","status-publish","hentry","cat_champub"],"blocksy_meta":[],"acf":[],"yoast_head":"<!-- This site is optimized with the Yoast SEO plugin v25.9 - https:\/\/yoast.com\/wordpress\/plugins\/seo\/ -->\n<title>Projetos - Engenharia de Redes de Comunica\u00e7\u00e3o<\/title>\n<meta name=\"robots\" content=\"index, follow, max-snippet:-1, max-image-preview:large, max-video-preview:-1\" \/>\n<link rel=\"canonical\" href=\"https:\/\/redes.unb.br\/index.php\/projetos\/\" \/>\n<meta property=\"og:locale\" content=\"pt_BR\" \/>\n<meta property=\"og:type\" content=\"article\" \/>\n<meta property=\"og:title\" content=\"Projetos - Engenharia de Redes de Comunica\u00e7\u00e3o\" \/>\n<meta property=\"og:description\" content=\"Projetos de Pesquisa Embasamento Legal Resolu\u00e7\u00e3o CAD_02_2012 (art 5 item 5 e art 9) Circular 0041-2013 Circular Conjunta 001-2014 Parecer PJU 00411_2017 ATA 377 CAD marcada ATA 378 CAD marcada [&hellip;]\" \/>\n<meta property=\"og:url\" content=\"https:\/\/redes.unb.br\/index.php\/projetos\/\" \/>\n<meta property=\"og:site_name\" content=\"Engenharia de Redes de Comunica\u00e7\u00e3o\" \/>\n<meta property=\"article:modified_time\" content=\"2024-02-08T23:05:12+00:00\" \/>\n<meta name=\"twitter:card\" content=\"summary_large_image\" \/>\n<script type=\"application\/ld+json\" class=\"yoast-schema-graph\">{\"@context\":\"https:\/\/schema.org\",\"@graph\":[{\"@type\":\"WebPage\",\"@id\":\"https:\/\/redes.unb.br\/index.php\/projetos\/\",\"url\":\"https:\/\/redes.unb.br\/index.php\/projetos\/\",\"name\":\"Projetos - Engenharia de Redes de Comunica\u00e7\u00e3o\",\"isPartOf\":{\"@id\":\"https:\/\/redes.unb.br\/#website\"},\"datePublished\":\"2016-11-23T17:48:11+00:00\",\"dateModified\":\"2024-02-08T23:05:12+00:00\",\"breadcrumb\":{\"@id\":\"https:\/\/redes.unb.br\/index.php\/projetos\/#breadcrumb\"},\"inLanguage\":\"pt-BR\",\"potentialAction\":[{\"@type\":\"ReadAction\",\"target\":[\"https:\/\/redes.unb.br\/index.php\/projetos\/\"]}]},{\"@type\":\"BreadcrumbList\",\"@id\":\"https:\/\/redes.unb.br\/index.php\/projetos\/#breadcrumb\",\"itemListElement\":[{\"@type\":\"ListItem\",\"position\":1,\"name\":\"Home\",\"item\":\"https:\/\/redes.unb.br\/\"},{\"@type\":\"ListItem\",\"position\":2,\"name\":\"Projetos\"}]},{\"@type\":\"WebSite\",\"@id\":\"https:\/\/redes.unb.br\/#website\",\"url\":\"https:\/\/redes.unb.br\/\",\"name\":\"Engenharia de Redes de Comunica\u00e7\u00e3o\",\"description\":\"UnB - Engenharia de Redes de Comunica\u00e7\u00e3o\",\"publisher\":{\"@id\":\"https:\/\/redes.unb.br\/#organization\"},\"potentialAction\":[{\"@type\":\"SearchAction\",\"target\":{\"@type\":\"EntryPoint\",\"urlTemplate\":\"https:\/\/redes.unb.br\/?s={search_term_string}\"},\"query-input\":{\"@type\":\"PropertyValueSpecification\",\"valueRequired\":true,\"valueName\":\"search_term_string\"}}],\"inLanguage\":\"pt-BR\"},{\"@type\":\"Organization\",\"@id\":\"https:\/\/redes.unb.br\/#organization\",\"name\":\"Engenharia de Redes de Comunica\u00e7\u00e3o\",\"url\":\"https:\/\/redes.unb.br\/\",\"logo\":{\"@type\":\"ImageObject\",\"inLanguage\":\"pt-BR\",\"@id\":\"https:\/\/redes.unb.br\/#\/schema\/logo\/image\/\",\"url\":\"https:\/\/redes.unb.br\/wp-content\/uploads\/2021\/03\/logoERC2021v3-e1618507382294.png\",\"contentUrl\":\"https:\/\/redes.unb.br\/wp-content\/uploads\/2021\/03\/logoERC2021v3-e1618507382294.png\",\"width\":553,\"height\":240,\"caption\":\"Engenharia de Redes de Comunica\u00e7\u00e3o\"},\"image\":{\"@id\":\"https:\/\/redes.unb.br\/#\/schema\/logo\/image\/\"}}]}<\/script>\n<!-- \/ Yoast SEO plugin. -->","yoast_head_json":{"title":"Projetos - Engenharia de Redes de Comunica\u00e7\u00e3o","robots":{"index":"index","follow":"follow","max-snippet":"max-snippet:-1","max-image-preview":"max-image-preview:large","max-video-preview":"max-video-preview:-1"},"canonical":"https:\/\/redes.unb.br\/index.php\/projetos\/","og_locale":"pt_BR","og_type":"article","og_title":"Projetos - Engenharia de Redes de Comunica\u00e7\u00e3o","og_description":"Projetos de Pesquisa Embasamento Legal Resolu\u00e7\u00e3o CAD_02_2012 (art 5 item 5 e art 9) Circular 0041-2013 Circular Conjunta 001-2014 Parecer PJU 00411_2017 ATA 377 CAD marcada ATA 378 CAD marcada [&hellip;]","og_url":"https:\/\/redes.unb.br\/index.php\/projetos\/","og_site_name":"Engenharia de Redes de Comunica\u00e7\u00e3o","article_modified_time":"2024-02-08T23:05:12+00:00","twitter_card":"summary_large_image","schema":{"@context":"https:\/\/schema.org","@graph":[{"@type":"WebPage","@id":"https:\/\/redes.unb.br\/index.php\/projetos\/","url":"https:\/\/redes.unb.br\/index.php\/projetos\/","name":"Projetos - Engenharia de Redes de Comunica\u00e7\u00e3o","isPartOf":{"@id":"https:\/\/redes.unb.br\/#website"},"datePublished":"2016-11-23T17:48:11+00:00","dateModified":"2024-02-08T23:05:12+00:00","breadcrumb":{"@id":"https:\/\/redes.unb.br\/index.php\/projetos\/#breadcrumb"},"inLanguage":"pt-BR","potentialAction":[{"@type":"ReadAction","target":["https:\/\/redes.unb.br\/index.php\/projetos\/"]}]},{"@type":"BreadcrumbList","@id":"https:\/\/redes.unb.br\/index.php\/projetos\/#breadcrumb","itemListElement":[{"@type":"ListItem","position":1,"name":"Home","item":"https:\/\/redes.unb.br\/"},{"@type":"ListItem","position":2,"name":"Projetos"}]},{"@type":"WebSite","@id":"https:\/\/redes.unb.br\/#website","url":"https:\/\/redes.unb.br\/","name":"Engenharia de Redes de Comunica\u00e7\u00e3o","description":"UnB - Engenharia de Redes de Comunica\u00e7\u00e3o","publisher":{"@id":"https:\/\/redes.unb.br\/#organization"},"potentialAction":[{"@type":"SearchAction","target":{"@type":"EntryPoint","urlTemplate":"https:\/\/redes.unb.br\/?s={search_term_string}"},"query-input":{"@type":"PropertyValueSpecification","valueRequired":true,"valueName":"search_term_string"}}],"inLanguage":"pt-BR"},{"@type":"Organization","@id":"https:\/\/redes.unb.br\/#organization","name":"Engenharia de Redes de Comunica\u00e7\u00e3o","url":"https:\/\/redes.unb.br\/","logo":{"@type":"ImageObject","inLanguage":"pt-BR","@id":"https:\/\/redes.unb.br\/#\/schema\/logo\/image\/","url":"https:\/\/redes.unb.br\/wp-content\/uploads\/2021\/03\/logoERC2021v3-e1618507382294.png","contentUrl":"https:\/\/redes.unb.br\/wp-content\/uploads\/2021\/03\/logoERC2021v3-e1618507382294.png","width":553,"height":240,"caption":"Engenharia de Redes de Comunica\u00e7\u00e3o"},"image":{"@id":"https:\/\/redes.unb.br\/#\/schema\/logo\/image\/"}}]}},"_links":{"self":[{"href":"https:\/\/redes.unb.br\/index.php\/wp-json\/wp\/v2\/pages\/243","targetHints":{"allow":["GET"]}}],"collection":[{"href":"https:\/\/redes.unb.br\/index.php\/wp-json\/wp\/v2\/pages"}],"about":[{"href":"https:\/\/redes.unb.br\/index.php\/wp-json\/wp\/v2\/types\/page"}],"author":[{"embeddable":true,"href":"https:\/\/redes.unb.br\/index.php\/wp-json\/wp\/v2\/users\/2"}],"replies":[{"embeddable":true,"href":"https:\/\/redes.unb.br\/index.php\/wp-json\/wp\/v2\/comments?post=243"}],"version-history":[{"count":70,"href":"https:\/\/redes.unb.br\/index.php\/wp-json\/wp\/v2\/pages\/243\/revisions"}],"predecessor-version":[{"id":2359,"href":"https:\/\/redes.unb.br\/index.php\/wp-json\/wp\/v2\/pages\/243\/revisions\/2359"}],"wp:attachment":[{"href":"https:\/\/redes.unb.br\/index.php\/wp-json\/wp\/v2\/media?parent=243"}],"curies":[{"name":"wp","href":"https:\/\/api.w.org\/{rel}","templated":true}]}}