{"id":27,"date":"2016-09-19T18:53:33","date_gmt":"2016-09-19T21:53:33","guid":{"rendered":"http:\/\/homol.redes.unb.br\/redes\/?page_id=27"},"modified":"2021-03-31T19:28:57","modified_gmt":"2021-03-31T18:28:57","slug":"mapasalas","status":"publish","type":"page","link":"https:\/\/redes.unb.br\/index.php\/mapasalas\/","title":{"rendered":"Mapa de Salas"},"content":{"rendered":"<p>&nbsp;<\/p>\n<p>&nbsp;<\/p>\n<h1><a name=\"MAPA\"><\/a><\/h1>\n<div align=\"center\">\n<div class=\"resize_Mapa\">\n<p><img decoding=\"async\" id=\"1\" src=\"https:\/\/redes.unb.br\/wp-content\/uploads\/2017\/03\/mapaDeSalas.jpg\" usemap=\"#mapa\" border=\"0\" \/><\/p>\n<map id=\"1\" name=\"mapa\">\n<area style=\"outline: none;\" title=\"LabRedes\" alt=\"\" coords=\"183,413,195,438,156,454,146,431\" shape=\"poly\" href=\"https:\/\/redes.unb.br\/index.php\/mapasalas\/#Labredes\" target=\"_self\" \/>\n<area style=\"outline: none;\" title=\"Audit\u00f3rio EnE\" alt=\"\" coords=\"347,478,364,503,398,515,429,510,414,472,387,463\" shape=\"poly\" href=\"https:\/\/redes.unb.br\/index.php\/mapasalas\/#AUDIT\" target=\"_self\" \/>\n<area style=\"outline: none;\" title=\"AT-11\" alt=\"\" coords=\"407,453,456,434,472,474,423,493\" shape=\"poly\" href=\"https:\/\/redes.unb.br\/index.php\/mapasalas\/#AT11\" target=\"_self\" \/>\n<area style=\"outline: none;\" title=\"AT-13\" alt=\"\" coords=\"460,433,478,471,523,451,506,415\" shape=\"poly\" href=\"https:\/\/redes.unb.br\/index.php\/mapasalas\/#AT13\" target=\"_self\" \/>\n<area style=\"outline: none;\" title=\"AT-17\" alt=\"\" coords=\"511,412,531,450,569,434,552,396\" shape=\"poly\" href=\"https:\/\/redes.unb.br\/index.php\/mapasalas\/#AT15\" target=\"_self\" \/>\n<area style=\"outline: none;\" title=\"AT-19\" alt=\"\" coords=\"557,395,575,432,611,419,593,381\" shape=\"poly\" href=\"https:\/\/redes.unb.br\/index.php\/mapasalas\/#AT19\" target=\"_self\" \/>\n<area style=\"outline: none;\" title=\"LCCC\" alt=\"\" coords=\"291,50,328,132,399,106,360,22\" shape=\"poly\" href=\"https:\/\/redes.unb.br\/index.php\/mapasalas\/#LCCC\" target=\"_self\" \/> <\/map>\n<\/div>\n<\/div>\n<p>&nbsp;<\/p>\n","protected":false},"excerpt":{"rendered":"<p>&nbsp; &nbsp; &nbsp;<\/p>\n","protected":false},"author":2,"featured_media":0,"parent":0,"menu_order":0,"comment_status":"closed","ping_status":"closed","template":"page-fullwidth.php","meta":{"_acf_changed":false,"footnotes":""},"class_list":["post-27","page","type-page","status-publish","hentry"],"blocksy_meta":[],"acf":[],"yoast_head":"<!-- This site is optimized with the Yoast SEO plugin v25.9 - https:\/\/yoast.com\/wordpress\/plugins\/seo\/ -->\n<title>Mapa de Salas - Engenharia de Redes de Comunica\u00e7\u00e3o<\/title>\n<meta name=\"robots\" content=\"index, follow, max-snippet:-1, max-image-preview:large, max-video-preview:-1\" \/>\n<link rel=\"canonical\" href=\"https:\/\/redes.unb.br\/index.php\/mapasalas\/\" \/>\n<meta property=\"og:locale\" content=\"pt_BR\" \/>\n<meta property=\"og:type\" content=\"article\" \/>\n<meta property=\"og:title\" content=\"Mapa de Salas - Engenharia de Redes de Comunica\u00e7\u00e3o\" \/>\n<meta property=\"og:description\" content=\"&nbsp; &nbsp; &nbsp;\" \/>\n<meta property=\"og:url\" content=\"https:\/\/redes.unb.br\/index.php\/mapasalas\/\" \/>\n<meta property=\"og:site_name\" content=\"Engenharia de Redes de Comunica\u00e7\u00e3o\" \/>\n<meta property=\"article:modified_time\" content=\"2021-03-31T18:28:57+00:00\" \/>\n<meta property=\"og:image\" content=\"https:\/\/redes.unb.br\/wp-content\/uploads\/2017\/03\/mapaDeSalas.jpg\" \/>\n<meta name=\"twitter:card\" content=\"summary_large_image\" \/>\n<script type=\"application\/ld+json\" class=\"yoast-schema-graph\">{\"@context\":\"https:\/\/schema.org\",\"@graph\":[{\"@type\":\"WebPage\",\"@id\":\"https:\/\/redes.unb.br\/index.php\/mapasalas\/\",\"url\":\"https:\/\/redes.unb.br\/index.php\/mapasalas\/\",\"name\":\"Mapa de Salas - Engenharia de Redes de Comunica\u00e7\u00e3o\",\"isPartOf\":{\"@id\":\"https:\/\/redes.unb.br\/#website\"},\"primaryImageOfPage\":{\"@id\":\"https:\/\/redes.unb.br\/index.php\/mapasalas\/#primaryimage\"},\"image\":{\"@id\":\"https:\/\/redes.unb.br\/index.php\/mapasalas\/#primaryimage\"},\"thumbnailUrl\":\"https:\/\/redes.unb.br\/wp-content\/uploads\/2017\/03\/mapaDeSalas.jpg\",\"datePublished\":\"2016-09-19T21:53:33+00:00\",\"dateModified\":\"2021-03-31T18:28:57+00:00\",\"breadcrumb\":{\"@id\":\"https:\/\/redes.unb.br\/index.php\/mapasalas\/#breadcrumb\"},\"inLanguage\":\"pt-BR\",\"potentialAction\":[{\"@type\":\"ReadAction\",\"target\":[\"https:\/\/redes.unb.br\/index.php\/mapasalas\/\"]}]},{\"@type\":\"ImageObject\",\"inLanguage\":\"pt-BR\",\"@id\":\"https:\/\/redes.unb.br\/index.php\/mapasalas\/#primaryimage\",\"url\":\"https:\/\/redes.unb.br\/wp-content\/uploads\/2017\/03\/mapaDeSalas.jpg\",\"contentUrl\":\"https:\/\/redes.unb.br\/wp-content\/uploads\/2017\/03\/mapaDeSalas.jpg\"},{\"@type\":\"BreadcrumbList\",\"@id\":\"https:\/\/redes.unb.br\/index.php\/mapasalas\/#breadcrumb\",\"itemListElement\":[{\"@type\":\"ListItem\",\"position\":1,\"name\":\"Home\",\"item\":\"https:\/\/redes.unb.br\/\"},{\"@type\":\"ListItem\",\"position\":2,\"name\":\"Mapa de Salas\"}]},{\"@type\":\"WebSite\",\"@id\":\"https:\/\/redes.unb.br\/#website\",\"url\":\"https:\/\/redes.unb.br\/\",\"name\":\"Engenharia de Redes de Comunica\u00e7\u00e3o\",\"description\":\"UnB - Engenharia de Redes de Comunica\u00e7\u00e3o\",\"publisher\":{\"@id\":\"https:\/\/redes.unb.br\/#organization\"},\"potentialAction\":[{\"@type\":\"SearchAction\",\"target\":{\"@type\":\"EntryPoint\",\"urlTemplate\":\"https:\/\/redes.unb.br\/?s={search_term_string}\"},\"query-input\":{\"@type\":\"PropertyValueSpecification\",\"valueRequired\":true,\"valueName\":\"search_term_string\"}}],\"inLanguage\":\"pt-BR\"},{\"@type\":\"Organization\",\"@id\":\"https:\/\/redes.unb.br\/#organization\",\"name\":\"Engenharia de Redes de Comunica\u00e7\u00e3o\",\"url\":\"https:\/\/redes.unb.br\/\",\"logo\":{\"@type\":\"ImageObject\",\"inLanguage\":\"pt-BR\",\"@id\":\"https:\/\/redes.unb.br\/#\/schema\/logo\/image\/\",\"url\":\"https:\/\/redes.unb.br\/wp-content\/uploads\/2021\/03\/logoERC2021v3-e1618507382294.png\",\"contentUrl\":\"https:\/\/redes.unb.br\/wp-content\/uploads\/2021\/03\/logoERC2021v3-e1618507382294.png\",\"width\":553,\"height\":240,\"caption\":\"Engenharia de Redes de Comunica\u00e7\u00e3o\"},\"image\":{\"@id\":\"https:\/\/redes.unb.br\/#\/schema\/logo\/image\/\"}}]}<\/script>\n<!-- \/ Yoast SEO plugin. -->","yoast_head_json":{"title":"Mapa de Salas - Engenharia de Redes de Comunica\u00e7\u00e3o","robots":{"index":"index","follow":"follow","max-snippet":"max-snippet:-1","max-image-preview":"max-image-preview:large","max-video-preview":"max-video-preview:-1"},"canonical":"https:\/\/redes.unb.br\/index.php\/mapasalas\/","og_locale":"pt_BR","og_type":"article","og_title":"Mapa de Salas - Engenharia de Redes de Comunica\u00e7\u00e3o","og_description":"&nbsp; &nbsp; &nbsp;","og_url":"https:\/\/redes.unb.br\/index.php\/mapasalas\/","og_site_name":"Engenharia de Redes de Comunica\u00e7\u00e3o","article_modified_time":"2021-03-31T18:28:57+00:00","og_image":[{"url":"https:\/\/redes.unb.br\/wp-content\/uploads\/2017\/03\/mapaDeSalas.jpg","type":"","width":"","height":""}],"twitter_card":"summary_large_image","schema":{"@context":"https:\/\/schema.org","@graph":[{"@type":"WebPage","@id":"https:\/\/redes.unb.br\/index.php\/mapasalas\/","url":"https:\/\/redes.unb.br\/index.php\/mapasalas\/","name":"Mapa de Salas - Engenharia de Redes de Comunica\u00e7\u00e3o","isPartOf":{"@id":"https:\/\/redes.unb.br\/#website"},"primaryImageOfPage":{"@id":"https:\/\/redes.unb.br\/index.php\/mapasalas\/#primaryimage"},"image":{"@id":"https:\/\/redes.unb.br\/index.php\/mapasalas\/#primaryimage"},"thumbnailUrl":"https:\/\/redes.unb.br\/wp-content\/uploads\/2017\/03\/mapaDeSalas.jpg","datePublished":"2016-09-19T21:53:33+00:00","dateModified":"2021-03-31T18:28:57+00:00","breadcrumb":{"@id":"https:\/\/redes.unb.br\/index.php\/mapasalas\/#breadcrumb"},"inLanguage":"pt-BR","potentialAction":[{"@type":"ReadAction","target":["https:\/\/redes.unb.br\/index.php\/mapasalas\/"]}]},{"@type":"ImageObject","inLanguage":"pt-BR","@id":"https:\/\/redes.unb.br\/index.php\/mapasalas\/#primaryimage","url":"https:\/\/redes.unb.br\/wp-content\/uploads\/2017\/03\/mapaDeSalas.jpg","contentUrl":"https:\/\/redes.unb.br\/wp-content\/uploads\/2017\/03\/mapaDeSalas.jpg"},{"@type":"BreadcrumbList","@id":"https:\/\/redes.unb.br\/index.php\/mapasalas\/#breadcrumb","itemListElement":[{"@type":"ListItem","position":1,"name":"Home","item":"https:\/\/redes.unb.br\/"},{"@type":"ListItem","position":2,"name":"Mapa de Salas"}]},{"@type":"WebSite","@id":"https:\/\/redes.unb.br\/#website","url":"https:\/\/redes.unb.br\/","name":"Engenharia de Redes de Comunica\u00e7\u00e3o","description":"UnB - Engenharia de Redes de Comunica\u00e7\u00e3o","publisher":{"@id":"https:\/\/redes.unb.br\/#organization"},"potentialAction":[{"@type":"SearchAction","target":{"@type":"EntryPoint","urlTemplate":"https:\/\/redes.unb.br\/?s={search_term_string}"},"query-input":{"@type":"PropertyValueSpecification","valueRequired":true,"valueName":"search_term_string"}}],"inLanguage":"pt-BR"},{"@type":"Organization","@id":"https:\/\/redes.unb.br\/#organization","name":"Engenharia de Redes de Comunica\u00e7\u00e3o","url":"https:\/\/redes.unb.br\/","logo":{"@type":"ImageObject","inLanguage":"pt-BR","@id":"https:\/\/redes.unb.br\/#\/schema\/logo\/image\/","url":"https:\/\/redes.unb.br\/wp-content\/uploads\/2021\/03\/logoERC2021v3-e1618507382294.png","contentUrl":"https:\/\/redes.unb.br\/wp-content\/uploads\/2021\/03\/logoERC2021v3-e1618507382294.png","width":553,"height":240,"caption":"Engenharia de Redes de Comunica\u00e7\u00e3o"},"image":{"@id":"https:\/\/redes.unb.br\/#\/schema\/logo\/image\/"}}]}},"_links":{"self":[{"href":"https:\/\/redes.unb.br\/index.php\/wp-json\/wp\/v2\/pages\/27","targetHints":{"allow":["GET"]}}],"collection":[{"href":"https:\/\/redes.unb.br\/index.php\/wp-json\/wp\/v2\/pages"}],"about":[{"href":"https:\/\/redes.unb.br\/index.php\/wp-json\/wp\/v2\/types\/page"}],"author":[{"embeddable":true,"href":"https:\/\/redes.unb.br\/index.php\/wp-json\/wp\/v2\/users\/2"}],"replies":[{"embeddable":true,"href":"https:\/\/redes.unb.br\/index.php\/wp-json\/wp\/v2\/comments?post=27"}],"version-history":[{"count":83,"href":"https:\/\/redes.unb.br\/index.php\/wp-json\/wp\/v2\/pages\/27\/revisions"}],"predecessor-version":[{"id":1682,"href":"https:\/\/redes.unb.br\/index.php\/wp-json\/wp\/v2\/pages\/27\/revisions\/1682"}],"wp:attachment":[{"href":"https:\/\/redes.unb.br\/index.php\/wp-json\/wp\/v2\/media?parent=27"}],"curies":[{"name":"wp","href":"https:\/\/api.w.org\/{rel}","templated":true}]}}