{"id":30,"date":"2016-09-19T18:53:46","date_gmt":"2016-09-19T21:53:46","guid":{"rendered":"http:\/\/homol.redes.unb.br\/redes\/?page_id=30"},"modified":"2024-08-02T20:27:47","modified_gmt":"2024-08-02T19:27:47","slug":"docentes","status":"publish","type":"page","link":"https:\/\/redes.unb.br\/index.php\/docentes\/","title":{"rendered":"Docentes"},"content":{"rendered":"<div class=\"home_blocks ast_blocks\">\n<div class=\"midrow\">\n<div class=\"midrow_wrap\">\n<div class=\"midrow_blocks\">\n<div class=\"midrow_blocks_wrap\">\n<p>[column-group]<br \/>\n[column span=&#8221;0&#8243;]<\/p>\n<div class=\"midrow_block\">\n<div class=\"mid_block_content\">\n<p><a class=\"image full\"><img decoding=\"async\" src=\"https:\/\/redes.unb.br\/wp-content\/uploads\/2016\/09\/claudia.jpg\" alt=\" \" width=\"150\" height=\"15\" \/><\/a><\/p>\n<header>\n<h3><a class=\"linkNone\"><strong>Cl\u00e1udia Jacy Barenco Abbas, PhD<\/strong><\/a><\/h3>\n<p style=\"text-align: center;\">Professor Adjunto<\/p>\n<h3><a href=\"http:\/\/lattes.cnpq.br\/2433035330157054\" target=\"_blank\" rel=\"noopener noreferrer\"><span style=\"font-size: 10pt; font-family: Verdana,sans-serif;\">CV Lattes<\/span><\/a><\/h3>\n<p><a href=\"https:\/\/www.pesquisar.unb.br\/professor\/claudia-jacy-barenco-abbas\" target=\"_blank\" rel=\"noopener\">Indicadores<\/a><\/p>\n<p style=\"text-align: center;\">barenco@unb.br<\/p>\n<\/header>\n<\/div>\n<\/div>\n<div class=\"midrow_block\">\n<div class=\"mid_block_content\">\n<p><a class=\"image full\"><img decoding=\"async\" src=\"https:\/\/redes.unb.br\/wp-content\/uploads\/2016\/09\/daniel.jpg\" alt=\" \" width=\"150\" height=\"15\" \/><\/a><\/p>\n<header>\n<h3><strong><a href=\"http:\/\/danielgs.weebly.com\/\" target=\"_blank\" rel=\"noopener noreferrer\">Daniel Guerreiro e Silva, Dr<\/a><\/strong><\/h3>\n<p style=\"text-align: center;\">Professor Adjunto<\/p>\n<h3><a href=\"http:\/\/lattes.cnpq.br\/3636638127781726\" target=\"_blank\" rel=\"noopener noreferrer\"><span style=\"font-size: 10pt; font-family: Verdana,sans-serif;\">CV Lattes<\/span><\/a><\/h3>\n<p><a href=\"https:\/\/www.pesquisar.unb.br\/professores\/view\/3333\" target=\"_blank\" rel=\"noopener\">Indicadores<\/a><\/p>\n<p style=\"text-align: center;\">danielgs@ene.unb.br<\/p>\n<\/header>\n<\/div>\n<\/div>\n<div class=\"midrow_block\">\n<div class=\"mid_block_content\">\n<p><a class=\"image full\"><img decoding=\"async\" src=\"https:\/\/redes.unb.br\/wp-content\/uploads\/2021\/03\/logoERC.png\" alt=\"\" width=\"108\" height=\"112\" \/><\/a><\/p>\n<header>\n<h3><a class=\"linkNone\"><strong>Flavio Elias de Deus, Dr<\/strong><\/a><\/h3>\n<p style=\"text-align: center;\">Professor Associado<\/p>\n<h3><a href=\"http:\/\/lattes.cnpq.br\/8961360348378314\" target=\"_blank\" rel=\"noopener noreferrer\"><span style=\"font-size: 10pt; font-family: Verdana,sans-serif;\">CV Lattes<\/span><\/a><\/h3>\n<p><a href=\"https:\/\/www.pesquisar.unb.br\/professor\/flavio-elias-gomes-de-deus\" target=\"_blank\" rel=\"noopener\">Indicadores<\/a><\/p>\n<p style=\"text-align: center;\">flavioelias@unb.br<\/p>\n<\/header>\n<\/div>\n<\/div>\n<div class=\"midrow_block\">\n<div class=\"mid_block_content\">\n<p><img decoding=\"async\" src=\"https:\/\/ppee.unb.br\/wp-content\/uploads\/2020\/07\/WhatsApp-Image-2020-07-14-at-20.24.43-150x150.jpeg\" \/><\/p>\n<header>\n<h3><a class=\"linkNone\"><strong>F\u00e1bio L\u00facio Lopes Mendon\u00e7a, Dr<\/strong><\/a><\/h3>\n<p style=\"text-align: center;\">Professor Adjunto<\/p>\n<h3><a href=\"http:\/\/lattes.cnpq.br\/6801714487611163\" target=\"_blank\" rel=\"noopener noreferrer\"><span style=\"font-size: 10pt; font-family: Verdana,sans-serif;\">CV Lattes<\/span><\/a><\/h3>\n<p>Indicadores<\/p>\n<p style=\"text-align: center;\">fabio.mendonca@unb.br<\/p>\n<\/header>\n<\/div>\n<\/div>\n<div class=\"midrow_block\">\n<div class=\"mid_block_content\">\n<p>[\/column]<br \/>\n[\/column-group]<\/p>\n<p>[column-group]<br \/>\n[column span=&#8221;0&#8243;]<\/p>\n<div class=\"midrow_block\">\n<div class=\"mid_block_content\">\n<p><a class=\"image full\"><img decoding=\"async\" src=\"https:\/\/ppee.unb.br\/wp-content\/uploads\/2023\/05\/image-1-150x150.png\" \/><\/a><\/p>\n<header>\n<h3><a class=\"linkNone\"><strong>Georges Daniel Amvame Nze, Dr<\/strong><\/a><\/h3>\n<p style=\"text-align: center;\">Professor Associado<\/p>\n<h3><a href=\"http:\/\/lattes.cnpq.br\/5810353896294133\" target=\"_blank\" rel=\"noopener noreferrer\"><span style=\"font-size: 10pt; font-family: Verdana,sans-serif;\">CV Lattes<\/span><\/a><\/h3>\n<p><a href=\"https:\/\/www.pesquisar.unb.br\/professor\/georges-daniel-amvame-nze\" target=\"_blank\" rel=\"noopener\">Indicadores<\/a><\/p>\n<p style=\"text-align: center;\">georges@unb.br<\/p>\n<\/header>\n<\/div>\n<\/div>\n<div class=\"midrow_block\">\n<div class=\"mid_block_content\">\n<p><a class=\"image full\"><img decoding=\"async\" src=\"https:\/\/ppee.unb.br\/wp-content\/uploads\/2019\/06\/Jo%C3%A3o-Jos%C3%A9-Costa-Gondim-150x150.jpg\" \/><\/a><\/p>\n<header>\n<h3><a class=\"linkNone\"><strong>Jo\u00e3o Jos\u00e9 Costa Gondim, Dr<\/strong><\/a><\/h3>\n<p style=\"text-align: center;\">Professor Adjunto<\/p>\n<h3><a href=\"http:\/\/lattes.cnpq.br\/1755987387907910\" target=\"_blank\" rel=\"noopener noreferrer\"><span style=\"font-size: 10pt; font-family: Verdana,sans-serif;\">CV Lattes<\/span><\/a><\/h3>\n<p><a href=\"https:\/\/www.pesquisar.unb.br\/professor\/joao-jose-costa-gondim\" target=\"_blank\" rel=\"noopener\">Indicadores<\/a><\/p>\n<p style=\"text-align: center;\">gondim@unb.br<\/p>\n<\/header>\n<\/div>\n<\/div>\n<div class=\"midrow_block\">\n<div class=\"mid_block_content\">\n<p><a class=\"image full\"><img loading=\"lazy\" decoding=\"async\" src=\"https:\/\/redes.unb.br\/wp-content\/uploads\/2016\/09\/gondim.jpg\" alt=\" \" width=\"150\" height=\"15\" \/><\/a><\/p>\n<header>\n<h3><a class=\"linkNone\"><strong>Paulo Roberto de Lira Gondim, PhD<\/strong><\/a><\/h3>\n<p style=\"text-align: center;\">Professor Associado<\/p>\n<h3><a href=\"http:\/\/lattes.cnpq.br\/9868233765380165\" target=\"_blank\" rel=\"noopener noreferrer\"><span style=\"font-size: 10pt; font-family: Verdana,sans-serif;\">CV Lattes<\/span><\/a><\/h3>\n<p><a href=\"https:\/\/www.pesquisar.unb.br\/professor\/paulo-roberto-de-lira-gondim\" target=\"_blank\" rel=\"noopener\">Indicadores<\/a><\/p>\n<p style=\"text-align: center;\">pgondim@ene.unb.br<\/p>\n<\/header>\n<\/div>\n<\/div>\n<div class=\"midrow_block\">\n<div class=\"mid_block_content\">\n<header><a class=\"image full\"><img loading=\"lazy\" decoding=\"async\" src=\"https:\/\/redes.unb.br\/wp-content\/uploads\/2016\/09\/rafael.bmp\" alt=\" \" width=\"150\" height=\"15\" \/><\/a><\/p>\n<header>\n<h3><a class=\"linkNone\"><strong>Rafael Tim\u00f3teo de Sousa Jr, PhD<\/strong><\/a><\/h3>\n<p style=\"text-align: center;\">Professor Associado<\/p>\n<h3><a href=\"http:\/\/lattes.cnpq.br\/3196088341529197\" target=\"_blank\" rel=\"noopener noreferrer\"><span style=\"font-size: 10pt; font-family: Verdana,sans-serif;\">CV Lattes<\/span><\/a><\/h3>\n<p><a href=\"https:\/\/www.pesquisar.unb.br\/professor\/rafael-timoteo-de-sousa-jr\" target=\"_blank\" rel=\"noopener\">Indicadores<\/a><\/p>\n<p style=\"text-align: center;\">desousa@unb.br<\/p>\n<\/header>\n<\/header>\n<\/div>\n<\/div>\n<div class=\"midrow_block\">\n<div class=\"mid_block_content\">\n<p>[\/column]<br \/>\n[\/column-group]<\/p>\n<p>[column-group]<br \/>\n[column span=&#8221;0&#8243;]<\/p>\n<\/div>\n<\/div>\n<div class=\"midrow_block\">\n<div class=\"mid_block_content\">\n<p><a class=\"image full\"><img loading=\"lazy\" decoding=\"async\" src=\"https:\/\/redes.unb.br\/wp-content\/uploads\/2016\/09\/puttini.png\" alt=\" \" width=\"150\" height=\"15\" \/><\/a><\/p>\n<header>\n<h3><a class=\"linkNone\"><strong>Ricardo Staciarini Puttini, PhD<\/strong><\/a><\/h3>\n<p style=\"text-align: center;\">Professor Adjunto<\/p>\n<h3><a href=\"http:\/\/lattes.cnpq.br\/7004703772446445\" target=\"_blank\" rel=\"noopener noreferrer\"><span style=\"font-size: 10pt; font-family: Verdana,sans-serif;\">CV Lattes<\/span><\/a><\/h3>\n<p><a href=\"https:\/\/www.pesquisar.unb.br\/professor\/ricardo-staciarini-puttini\" target=\"_blank\" rel=\"noopener\">Indicadores<\/a><\/p>\n<p style=\"text-align: center;\">puttini@unb.br<\/p>\n<\/header>\n<\/div>\n<\/div>\n<div class=\"midrow_block\">\n<div class=\"mid_block_content\">\n<p><a class=\"image full\"><img loading=\"lazy\" decoding=\"async\" src=\"https:\/\/redes.unb.br\/wp-content\/uploads\/2018\/01\/vinicius.jpg\" alt=\" \" width=\"150\" height=\"15\" \/><\/a><\/p>\n<header>\n<h3><a class=\"linkNone\"><strong>Vin\u00edcius Pereira Gon\u00e7alves, Dr<\/strong><\/a><\/h3>\n<p style=\"text-align: center;\">Professor Adjunto<\/p>\n<h3><a href=\"http:\/\/lattes.cnpq.br\/0754994451297734\" target=\"_blank\" rel=\"noopener noreferrer\"><span style=\"font-size: 10pt; font-family: Verdana,sans-serif;\">CV Lattes<\/span><\/a><\/h3>\n<p><a href=\"https:\/\/www.pesquisar.unb.br\/professor\/vinicius-pereira-goncalves\" target=\"_blank\" rel=\"noopener\">Indicadores<\/a><\/p>\n<p style=\"text-align: center;\">vpgvinicius@unb.br<\/p>\n<\/header>\n<\/div>\n<\/div>\n<div class=\"midrow_block\">\n<div class=\"mid_block_content\">\n<p><a class=\"image full\"><img loading=\"lazy\" decoding=\"async\" src=\"https:\/\/redes.unb.br\/wp-content\/uploads\/2016\/09\/ugo.jpg\" alt=\" \" width=\"150\" height=\"15\" \/><\/a><\/p>\n<header>\n<h3><a class=\"linkNone\"><strong>Ugo Silva Dias, PhD<\/strong><\/a><\/h3>\n<p style=\"text-align: center;\">Professor Adjunto<\/p>\n<h3><a href=\"http:\/\/lattes.cnpq.br\/8701122785988842\" target=\"_blank\" rel=\"noopener noreferrer\"><span style=\"font-size: 10pt; font-family: Verdana,sans-serif;\">CV Lattes<\/span><\/a><\/h3>\n<p><a href=\"https:\/\/www.pesquisar.unb.br\/professor\/ugo-silva-dias\" target=\"_blank\" rel=\"noopener\">Indicadores<\/a><\/p>\n<p>&nbsp;<\/p>\n<p style=\"text-align: center;\">udias@unb.br<\/p>\n<\/header>\n<\/div>\n<\/div>\n<div class=\"midrow_block\">\n<div class=\"mid_block_content\">\n<p><a class=\"image full\"><img loading=\"lazy\" decoding=\"async\" src=\"https:\/\/redes.unb.br\/wp-content\/uploads\/2016\/09\/giozza.jpg\" alt=\" \" width=\"150\" height=\"15\" \/><\/a><\/p>\n<header>\n<h3><a class=\"linkNone\"><strong>William Ferreira Giozza, PhD<\/strong><\/a><\/h3>\n<p style=\"text-align: center;\">Professor Associado<\/p>\n<h3><a href=\"http:\/\/lattes.cnpq.br\/3408305339297459\" target=\"_blank\" rel=\"noopener noreferrer\"><span style=\"font-size: 10pt; font-family: Verdana,sans-serif;\">CV Lattes<\/span><\/a><\/h3>\n<p><a href=\"https:\/\/www.pesquisar.unb.br\/professor\/william-ferreira-giozza\" target=\"_blank\" rel=\"noopener\">Indicadores<\/a><\/p>\n<p style=\"text-align: center;\">giozza@unb.br<\/p>\n<\/header>\n<\/div>\n<\/div>\n<p>[\/column]<br \/>\n[\/column-group]<\/p>\n<\/div>\n<\/div>\n<\/div>\n<\/div>\n<\/div>\n<\/div>\n<\/div>\n","protected":false},"excerpt":{"rendered":"<p>[column-group] [column span=&#8221;0&#8243;] Cl\u00e1udia Jacy Barenco Abbas, PhD Professor Adjunto CV Lattes Indicadores barenco@unb.br Daniel Guerreiro e Silva, Dr Professor Adjunto CV Lattes Indicadores danielgs@ene.unb.br Flavio Elias de Deus, Dr [&hellip;]<\/p>\n","protected":false},"author":2,"featured_media":0,"parent":0,"menu_order":0,"comment_status":"closed","ping_status":"closed","template":"page-fullwidth.php","meta":{"_acf_changed":false,"footnotes":""},"class_list":["post-30","page","type-page","status-publish","hentry"],"blocksy_meta":[],"acf":[],"yoast_head":"<!-- This site is optimized with the Yoast SEO plugin v25.9 - https:\/\/yoast.com\/wordpress\/plugins\/seo\/ -->\n<title>Docentes - Engenharia de Redes de Comunica\u00e7\u00e3o<\/title>\n<meta name=\"robots\" content=\"index, follow, max-snippet:-1, max-image-preview:large, max-video-preview:-1\" \/>\n<link rel=\"canonical\" href=\"https:\/\/redes.unb.br\/index.php\/docentes\/\" \/>\n<meta property=\"og:locale\" content=\"pt_BR\" \/>\n<meta property=\"og:type\" content=\"article\" \/>\n<meta property=\"og:title\" content=\"Docentes - Engenharia de Redes de Comunica\u00e7\u00e3o\" \/>\n<meta property=\"og:description\" content=\"[column-group] [column span=&#8221;0&#8243;] Cl\u00e1udia Jacy Barenco Abbas, PhD Professor Adjunto CV Lattes Indicadores barenco@unb.br Daniel Guerreiro e Silva, Dr Professor Adjunto CV Lattes Indicadores danielgs@ene.unb.br Flavio Elias de Deus, Dr [&hellip;]\" \/>\n<meta property=\"og:url\" content=\"https:\/\/redes.unb.br\/index.php\/docentes\/\" \/>\n<meta property=\"og:site_name\" content=\"Engenharia de Redes de Comunica\u00e7\u00e3o\" \/>\n<meta property=\"article:modified_time\" content=\"2024-08-02T19:27:47+00:00\" \/>\n<meta property=\"og:image\" content=\"https:\/\/redes.unb.br\/wp-content\/uploads\/2016\/09\/claudia.jpg\" \/>\n<meta name=\"twitter:card\" content=\"summary_large_image\" \/>\n<meta name=\"twitter:label1\" content=\"Est. reading time\" \/>\n\t<meta name=\"twitter:data1\" content=\"1 minuto\" \/>\n<script type=\"application\/ld+json\" class=\"yoast-schema-graph\">{\"@context\":\"https:\/\/schema.org\",\"@graph\":[{\"@type\":\"WebPage\",\"@id\":\"https:\/\/redes.unb.br\/index.php\/docentes\/\",\"url\":\"https:\/\/redes.unb.br\/index.php\/docentes\/\",\"name\":\"Docentes - Engenharia de Redes de Comunica\u00e7\u00e3o\",\"isPartOf\":{\"@id\":\"https:\/\/redes.unb.br\/#website\"},\"primaryImageOfPage\":{\"@id\":\"https:\/\/redes.unb.br\/index.php\/docentes\/#primaryimage\"},\"image\":{\"@id\":\"https:\/\/redes.unb.br\/index.php\/docentes\/#primaryimage\"},\"thumbnailUrl\":\"https:\/\/redes.unb.br\/wp-content\/uploads\/2016\/09\/claudia.jpg\",\"datePublished\":\"2016-09-19T21:53:46+00:00\",\"dateModified\":\"2024-08-02T19:27:47+00:00\",\"breadcrumb\":{\"@id\":\"https:\/\/redes.unb.br\/index.php\/docentes\/#breadcrumb\"},\"inLanguage\":\"pt-BR\",\"potentialAction\":[{\"@type\":\"ReadAction\",\"target\":[\"https:\/\/redes.unb.br\/index.php\/docentes\/\"]}]},{\"@type\":\"ImageObject\",\"inLanguage\":\"pt-BR\",\"@id\":\"https:\/\/redes.unb.br\/index.php\/docentes\/#primaryimage\",\"url\":\"https:\/\/redes.unb.br\/wp-content\/uploads\/2016\/09\/claudia.jpg\",\"contentUrl\":\"https:\/\/redes.unb.br\/wp-content\/uploads\/2016\/09\/claudia.jpg\",\"width\":115,\"height\":158},{\"@type\":\"BreadcrumbList\",\"@id\":\"https:\/\/redes.unb.br\/index.php\/docentes\/#breadcrumb\",\"itemListElement\":[{\"@type\":\"ListItem\",\"position\":1,\"name\":\"Home\",\"item\":\"https:\/\/redes.unb.br\/\"},{\"@type\":\"ListItem\",\"position\":2,\"name\":\"Docentes\"}]},{\"@type\":\"WebSite\",\"@id\":\"https:\/\/redes.unb.br\/#website\",\"url\":\"https:\/\/redes.unb.br\/\",\"name\":\"Engenharia de Redes de Comunica\u00e7\u00e3o\",\"description\":\"UnB - Engenharia de Redes de Comunica\u00e7\u00e3o\",\"publisher\":{\"@id\":\"https:\/\/redes.unb.br\/#organization\"},\"potentialAction\":[{\"@type\":\"SearchAction\",\"target\":{\"@type\":\"EntryPoint\",\"urlTemplate\":\"https:\/\/redes.unb.br\/?s={search_term_string}\"},\"query-input\":{\"@type\":\"PropertyValueSpecification\",\"valueRequired\":true,\"valueName\":\"search_term_string\"}}],\"inLanguage\":\"pt-BR\"},{\"@type\":\"Organization\",\"@id\":\"https:\/\/redes.unb.br\/#organization\",\"name\":\"Engenharia de Redes de Comunica\u00e7\u00e3o\",\"url\":\"https:\/\/redes.unb.br\/\",\"logo\":{\"@type\":\"ImageObject\",\"inLanguage\":\"pt-BR\",\"@id\":\"https:\/\/redes.unb.br\/#\/schema\/logo\/image\/\",\"url\":\"https:\/\/redes.unb.br\/wp-content\/uploads\/2021\/03\/logoERC2021v3-e1618507382294.png\",\"contentUrl\":\"https:\/\/redes.unb.br\/wp-content\/uploads\/2021\/03\/logoERC2021v3-e1618507382294.png\",\"width\":553,\"height\":240,\"caption\":\"Engenharia de Redes de Comunica\u00e7\u00e3o\"},\"image\":{\"@id\":\"https:\/\/redes.unb.br\/#\/schema\/logo\/image\/\"}}]}<\/script>\n<!-- \/ Yoast SEO plugin. -->","yoast_head_json":{"title":"Docentes - Engenharia de Redes de Comunica\u00e7\u00e3o","robots":{"index":"index","follow":"follow","max-snippet":"max-snippet:-1","max-image-preview":"max-image-preview:large","max-video-preview":"max-video-preview:-1"},"canonical":"https:\/\/redes.unb.br\/index.php\/docentes\/","og_locale":"pt_BR","og_type":"article","og_title":"Docentes - Engenharia de Redes de Comunica\u00e7\u00e3o","og_description":"[column-group] [column span=&#8221;0&#8243;] Cl\u00e1udia Jacy Barenco Abbas, PhD Professor Adjunto CV Lattes Indicadores barenco@unb.br Daniel Guerreiro e Silva, Dr Professor Adjunto CV Lattes Indicadores danielgs@ene.unb.br Flavio Elias de Deus, Dr [&hellip;]","og_url":"https:\/\/redes.unb.br\/index.php\/docentes\/","og_site_name":"Engenharia de Redes de Comunica\u00e7\u00e3o","article_modified_time":"2024-08-02T19:27:47+00:00","og_image":[{"url":"https:\/\/redes.unb.br\/wp-content\/uploads\/2016\/09\/claudia.jpg","type":"","width":"","height":""}],"twitter_card":"summary_large_image","twitter_misc":{"Est. reading time":"1 minuto"},"schema":{"@context":"https:\/\/schema.org","@graph":[{"@type":"WebPage","@id":"https:\/\/redes.unb.br\/index.php\/docentes\/","url":"https:\/\/redes.unb.br\/index.php\/docentes\/","name":"Docentes - Engenharia de Redes de Comunica\u00e7\u00e3o","isPartOf":{"@id":"https:\/\/redes.unb.br\/#website"},"primaryImageOfPage":{"@id":"https:\/\/redes.unb.br\/index.php\/docentes\/#primaryimage"},"image":{"@id":"https:\/\/redes.unb.br\/index.php\/docentes\/#primaryimage"},"thumbnailUrl":"https:\/\/redes.unb.br\/wp-content\/uploads\/2016\/09\/claudia.jpg","datePublished":"2016-09-19T21:53:46+00:00","dateModified":"2024-08-02T19:27:47+00:00","breadcrumb":{"@id":"https:\/\/redes.unb.br\/index.php\/docentes\/#breadcrumb"},"inLanguage":"pt-BR","potentialAction":[{"@type":"ReadAction","target":["https:\/\/redes.unb.br\/index.php\/docentes\/"]}]},{"@type":"ImageObject","inLanguage":"pt-BR","@id":"https:\/\/redes.unb.br\/index.php\/docentes\/#primaryimage","url":"https:\/\/redes.unb.br\/wp-content\/uploads\/2016\/09\/claudia.jpg","contentUrl":"https:\/\/redes.unb.br\/wp-content\/uploads\/2016\/09\/claudia.jpg","width":115,"height":158},{"@type":"BreadcrumbList","@id":"https:\/\/redes.unb.br\/index.php\/docentes\/#breadcrumb","itemListElement":[{"@type":"ListItem","position":1,"name":"Home","item":"https:\/\/redes.unb.br\/"},{"@type":"ListItem","position":2,"name":"Docentes"}]},{"@type":"WebSite","@id":"https:\/\/redes.unb.br\/#website","url":"https:\/\/redes.unb.br\/","name":"Engenharia de Redes de Comunica\u00e7\u00e3o","description":"UnB - Engenharia de Redes de Comunica\u00e7\u00e3o","publisher":{"@id":"https:\/\/redes.unb.br\/#organization"},"potentialAction":[{"@type":"SearchAction","target":{"@type":"EntryPoint","urlTemplate":"https:\/\/redes.unb.br\/?s={search_term_string}"},"query-input":{"@type":"PropertyValueSpecification","valueRequired":true,"valueName":"search_term_string"}}],"inLanguage":"pt-BR"},{"@type":"Organization","@id":"https:\/\/redes.unb.br\/#organization","name":"Engenharia de Redes de Comunica\u00e7\u00e3o","url":"https:\/\/redes.unb.br\/","logo":{"@type":"ImageObject","inLanguage":"pt-BR","@id":"https:\/\/redes.unb.br\/#\/schema\/logo\/image\/","url":"https:\/\/redes.unb.br\/wp-content\/uploads\/2021\/03\/logoERC2021v3-e1618507382294.png","contentUrl":"https:\/\/redes.unb.br\/wp-content\/uploads\/2021\/03\/logoERC2021v3-e1618507382294.png","width":553,"height":240,"caption":"Engenharia de Redes de Comunica\u00e7\u00e3o"},"image":{"@id":"https:\/\/redes.unb.br\/#\/schema\/logo\/image\/"}}]}},"_links":{"self":[{"href":"https:\/\/redes.unb.br\/index.php\/wp-json\/wp\/v2\/pages\/30","targetHints":{"allow":["GET"]}}],"collection":[{"href":"https:\/\/redes.unb.br\/index.php\/wp-json\/wp\/v2\/pages"}],"about":[{"href":"https:\/\/redes.unb.br\/index.php\/wp-json\/wp\/v2\/types\/page"}],"author":[{"embeddable":true,"href":"https:\/\/redes.unb.br\/index.php\/wp-json\/wp\/v2\/users\/2"}],"replies":[{"embeddable":true,"href":"https:\/\/redes.unb.br\/index.php\/wp-json\/wp\/v2\/comments?post=30"}],"version-history":[{"count":66,"href":"https:\/\/redes.unb.br\/index.php\/wp-json\/wp\/v2\/pages\/30\/revisions"}],"predecessor-version":[{"id":2477,"href":"https:\/\/redes.unb.br\/index.php\/wp-json\/wp\/v2\/pages\/30\/revisions\/2477"}],"wp:attachment":[{"href":"https:\/\/redes.unb.br\/index.php\/wp-json\/wp\/v2\/media?parent=30"}],"curies":[{"name":"wp","href":"https:\/\/api.w.org\/{rel}","templated":true}]}}