{"id":446,"date":"2016-12-01T10:46:48","date_gmt":"2016-12-01T12:46:48","guid":{"rendered":"http:\/\/homol.redes.unb.br\/redes\/?page_id=446"},"modified":"2017-02-14T16:56:43","modified_gmt":"2017-02-14T18:56:43","slug":"parcerias","status":"publish","type":"page","link":"https:\/\/redes.unb.br\/index.php\/parcerias\/","title":{"rendered":"Parcerias"},"content":{"rendered":"<p>A \u00e1rea de engenharia de redes conta com recursos de laborat\u00f3rios, equipamentos de inform\u00e1tica, ambientes de software, e apoio na forma de bolsas de pesquisa, servi\u00e7os e materiais diversos provenientes de v\u00e1rias parcerias institucionais e ag\u00eancias de financiamento.<br \/>\nOriundos de projetos de PD&amp;I, sob a \u00e9gide dos incentivos previstos pela Lei de Inform\u00e1tica, administrados sob supervis\u00e3o do Minist\u00e9rio da Ci\u00eancia e Tecnologia &#8211; MCT, h\u00e1 recursos provenientes das empresas:<\/p>\n<p><img fetchpriority=\"high\" decoding=\"async\" class=\"size-medium wp-image-449 aligncenter\" src=\"http:\/\/redes.unb.br\/wp-content\/uploads\/2016\/12\/parceirosi-300x225.gif\" alt=\"parceirosi\" width=\"300\" height=\"225\" \/><\/p>\n<p>Sob a \u00e9gide da Lei de Mecenato, administrados sob supervis\u00e3o do Minist\u00e9rio da Cultura, h\u00e1 recursos provenientes de:<\/p>\n<p><img decoding=\"async\" class=\"size-medium wp-image-450 aligncenter\" src=\"http:\/\/redes.unb.br\/wp-content\/uploads\/2016\/12\/parceirosiiv-300x50.gif\" alt=\"parceirosiiv\" width=\"300\" height=\"50\" \/><\/p>\n<p>Em projetos de coopera\u00e7\u00e3o t\u00e9cnica, administrados diretamente por \u00f3rg\u00e3os do Poder Executivo Federal (Termos de Coopera\u00e7\u00e3o), em coopera\u00e7\u00e3o com o Centro de Apoio ao Desenvolvimento Tecnol\u00f3gico &#8211; CDT\/UnB, h\u00e1 recursos provenientes de:<\/p>\n<p><img decoding=\"async\" class=\"size-medium wp-image-451 aligncenter\" src=\"http:\/\/redes.unb.br\/wp-content\/uploads\/2016\/12\/parceirosv-300x179.gif\" alt=\"parceirosv\" width=\"300\" height=\"179\" \/><\/p>\n<p>V\u00e1rios projetos de PD&amp;I dos pesquisadores da \u00e1rea de engenharia de redes contam com apoio das ag\u00eancias de fomento:<\/p>\n<p><img loading=\"lazy\" decoding=\"async\" class=\"size-medium wp-image-452 aligncenter\" src=\"http:\/\/redes.unb.br\/wp-content\/uploads\/2016\/12\/parceirosiii-300x116.gif\" alt=\"parceirosiii\" width=\"300\" height=\"116\" \/><\/p>\n","protected":false},"excerpt":{"rendered":"<p>A \u00e1rea de engenharia de redes conta com recursos de laborat\u00f3rios, equipamentos de inform\u00e1tica, ambientes de software, e apoio na forma de bolsas de pesquisa, servi\u00e7os e materiais diversos provenientes [&hellip;]<\/p>\n","protected":false},"author":2,"featured_media":0,"parent":0,"menu_order":0,"comment_status":"closed","ping_status":"closed","template":"page-fullwidth.php","meta":{"_acf_changed":false,"footnotes":""},"class_list":["post-446","page","type-page","status-publish","hentry"],"blocksy_meta":[],"acf":[],"yoast_head":"<!-- This site is optimized with the Yoast SEO plugin v25.9 - https:\/\/yoast.com\/wordpress\/plugins\/seo\/ -->\n<title>Parcerias - Engenharia de Redes de Comunica\u00e7\u00e3o<\/title>\n<meta name=\"robots\" content=\"index, follow, max-snippet:-1, max-image-preview:large, max-video-preview:-1\" \/>\n<link rel=\"canonical\" href=\"https:\/\/redes.unb.br\/index.php\/parcerias\/\" \/>\n<meta property=\"og:locale\" content=\"pt_BR\" \/>\n<meta property=\"og:type\" content=\"article\" \/>\n<meta property=\"og:title\" content=\"Parcerias - Engenharia de Redes de Comunica\u00e7\u00e3o\" \/>\n<meta property=\"og:description\" content=\"A \u00e1rea de engenharia de redes conta com recursos de laborat\u00f3rios, equipamentos de inform\u00e1tica, ambientes de software, e apoio na forma de bolsas de pesquisa, servi\u00e7os e materiais diversos provenientes [&hellip;]\" \/>\n<meta property=\"og:url\" content=\"https:\/\/redes.unb.br\/index.php\/parcerias\/\" \/>\n<meta property=\"og:site_name\" content=\"Engenharia de Redes de Comunica\u00e7\u00e3o\" \/>\n<meta property=\"article:modified_time\" content=\"2017-02-14T18:56:43+00:00\" \/>\n<meta property=\"og:image\" content=\"https:\/\/redes.unb.br\/wp-content\/uploads\/2016\/12\/parceirosi.gif\" \/>\n\t<meta property=\"og:image:width\" content=\"400\" \/>\n\t<meta property=\"og:image:height\" content=\"300\" \/>\n\t<meta property=\"og:image:type\" content=\"image\/gif\" \/>\n<meta name=\"twitter:card\" content=\"summary_large_image\" \/>\n<meta name=\"twitter:label1\" content=\"Est. reading time\" \/>\n\t<meta name=\"twitter:data1\" content=\"1 minuto\" \/>\n<script type=\"application\/ld+json\" class=\"yoast-schema-graph\">{\"@context\":\"https:\/\/schema.org\",\"@graph\":[{\"@type\":\"WebPage\",\"@id\":\"https:\/\/redes.unb.br\/index.php\/parcerias\/\",\"url\":\"https:\/\/redes.unb.br\/index.php\/parcerias\/\",\"name\":\"Parcerias - Engenharia de Redes de Comunica\u00e7\u00e3o\",\"isPartOf\":{\"@id\":\"https:\/\/redes.unb.br\/#website\"},\"primaryImageOfPage\":{\"@id\":\"https:\/\/redes.unb.br\/index.php\/parcerias\/#primaryimage\"},\"image\":{\"@id\":\"https:\/\/redes.unb.br\/index.php\/parcerias\/#primaryimage\"},\"thumbnailUrl\":\"http:\/\/redes.unb.br\/wp-content\/uploads\/2016\/12\/parceirosi-300x225.gif\",\"datePublished\":\"2016-12-01T12:46:48+00:00\",\"dateModified\":\"2017-02-14T18:56:43+00:00\",\"breadcrumb\":{\"@id\":\"https:\/\/redes.unb.br\/index.php\/parcerias\/#breadcrumb\"},\"inLanguage\":\"pt-BR\",\"potentialAction\":[{\"@type\":\"ReadAction\",\"target\":[\"https:\/\/redes.unb.br\/index.php\/parcerias\/\"]}]},{\"@type\":\"ImageObject\",\"inLanguage\":\"pt-BR\",\"@id\":\"https:\/\/redes.unb.br\/index.php\/parcerias\/#primaryimage\",\"url\":\"https:\/\/redes.unb.br\/wp-content\/uploads\/2016\/12\/parceirosi.gif\",\"contentUrl\":\"https:\/\/redes.unb.br\/wp-content\/uploads\/2016\/12\/parceirosi.gif\",\"width\":400,\"height\":300},{\"@type\":\"BreadcrumbList\",\"@id\":\"https:\/\/redes.unb.br\/index.php\/parcerias\/#breadcrumb\",\"itemListElement\":[{\"@type\":\"ListItem\",\"position\":1,\"name\":\"Home\",\"item\":\"https:\/\/redes.unb.br\/\"},{\"@type\":\"ListItem\",\"position\":2,\"name\":\"Parcerias\"}]},{\"@type\":\"WebSite\",\"@id\":\"https:\/\/redes.unb.br\/#website\",\"url\":\"https:\/\/redes.unb.br\/\",\"name\":\"Engenharia de Redes de Comunica\u00e7\u00e3o\",\"description\":\"UnB - Engenharia de Redes de Comunica\u00e7\u00e3o\",\"publisher\":{\"@id\":\"https:\/\/redes.unb.br\/#organization\"},\"potentialAction\":[{\"@type\":\"SearchAction\",\"target\":{\"@type\":\"EntryPoint\",\"urlTemplate\":\"https:\/\/redes.unb.br\/?s={search_term_string}\"},\"query-input\":{\"@type\":\"PropertyValueSpecification\",\"valueRequired\":true,\"valueName\":\"search_term_string\"}}],\"inLanguage\":\"pt-BR\"},{\"@type\":\"Organization\",\"@id\":\"https:\/\/redes.unb.br\/#organization\",\"name\":\"Engenharia de Redes de Comunica\u00e7\u00e3o\",\"url\":\"https:\/\/redes.unb.br\/\",\"logo\":{\"@type\":\"ImageObject\",\"inLanguage\":\"pt-BR\",\"@id\":\"https:\/\/redes.unb.br\/#\/schema\/logo\/image\/\",\"url\":\"https:\/\/redes.unb.br\/wp-content\/uploads\/2021\/03\/logoERC2021v3-e1618507382294.png\",\"contentUrl\":\"https:\/\/redes.unb.br\/wp-content\/uploads\/2021\/03\/logoERC2021v3-e1618507382294.png\",\"width\":553,\"height\":240,\"caption\":\"Engenharia de Redes de Comunica\u00e7\u00e3o\"},\"image\":{\"@id\":\"https:\/\/redes.unb.br\/#\/schema\/logo\/image\/\"}}]}<\/script>\n<!-- \/ Yoast SEO plugin. -->","yoast_head_json":{"title":"Parcerias - Engenharia de Redes de Comunica\u00e7\u00e3o","robots":{"index":"index","follow":"follow","max-snippet":"max-snippet:-1","max-image-preview":"max-image-preview:large","max-video-preview":"max-video-preview:-1"},"canonical":"https:\/\/redes.unb.br\/index.php\/parcerias\/","og_locale":"pt_BR","og_type":"article","og_title":"Parcerias - Engenharia de Redes de Comunica\u00e7\u00e3o","og_description":"A \u00e1rea de engenharia de redes conta com recursos de laborat\u00f3rios, equipamentos de inform\u00e1tica, ambientes de software, e apoio na forma de bolsas de pesquisa, servi\u00e7os e materiais diversos provenientes [&hellip;]","og_url":"https:\/\/redes.unb.br\/index.php\/parcerias\/","og_site_name":"Engenharia de Redes de Comunica\u00e7\u00e3o","article_modified_time":"2017-02-14T18:56:43+00:00","og_image":[{"width":400,"height":300,"url":"https:\/\/redes.unb.br\/wp-content\/uploads\/2016\/12\/parceirosi.gif","type":"image\/gif"}],"twitter_card":"summary_large_image","twitter_misc":{"Est. reading time":"1 minuto"},"schema":{"@context":"https:\/\/schema.org","@graph":[{"@type":"WebPage","@id":"https:\/\/redes.unb.br\/index.php\/parcerias\/","url":"https:\/\/redes.unb.br\/index.php\/parcerias\/","name":"Parcerias - Engenharia de Redes de Comunica\u00e7\u00e3o","isPartOf":{"@id":"https:\/\/redes.unb.br\/#website"},"primaryImageOfPage":{"@id":"https:\/\/redes.unb.br\/index.php\/parcerias\/#primaryimage"},"image":{"@id":"https:\/\/redes.unb.br\/index.php\/parcerias\/#primaryimage"},"thumbnailUrl":"http:\/\/redes.unb.br\/wp-content\/uploads\/2016\/12\/parceirosi-300x225.gif","datePublished":"2016-12-01T12:46:48+00:00","dateModified":"2017-02-14T18:56:43+00:00","breadcrumb":{"@id":"https:\/\/redes.unb.br\/index.php\/parcerias\/#breadcrumb"},"inLanguage":"pt-BR","potentialAction":[{"@type":"ReadAction","target":["https:\/\/redes.unb.br\/index.php\/parcerias\/"]}]},{"@type":"ImageObject","inLanguage":"pt-BR","@id":"https:\/\/redes.unb.br\/index.php\/parcerias\/#primaryimage","url":"https:\/\/redes.unb.br\/wp-content\/uploads\/2016\/12\/parceirosi.gif","contentUrl":"https:\/\/redes.unb.br\/wp-content\/uploads\/2016\/12\/parceirosi.gif","width":400,"height":300},{"@type":"BreadcrumbList","@id":"https:\/\/redes.unb.br\/index.php\/parcerias\/#breadcrumb","itemListElement":[{"@type":"ListItem","position":1,"name":"Home","item":"https:\/\/redes.unb.br\/"},{"@type":"ListItem","position":2,"name":"Parcerias"}]},{"@type":"WebSite","@id":"https:\/\/redes.unb.br\/#website","url":"https:\/\/redes.unb.br\/","name":"Engenharia de Redes de Comunica\u00e7\u00e3o","description":"UnB - Engenharia de Redes de Comunica\u00e7\u00e3o","publisher":{"@id":"https:\/\/redes.unb.br\/#organization"},"potentialAction":[{"@type":"SearchAction","target":{"@type":"EntryPoint","urlTemplate":"https:\/\/redes.unb.br\/?s={search_term_string}"},"query-input":{"@type":"PropertyValueSpecification","valueRequired":true,"valueName":"search_term_string"}}],"inLanguage":"pt-BR"},{"@type":"Organization","@id":"https:\/\/redes.unb.br\/#organization","name":"Engenharia de Redes de Comunica\u00e7\u00e3o","url":"https:\/\/redes.unb.br\/","logo":{"@type":"ImageObject","inLanguage":"pt-BR","@id":"https:\/\/redes.unb.br\/#\/schema\/logo\/image\/","url":"https:\/\/redes.unb.br\/wp-content\/uploads\/2021\/03\/logoERC2021v3-e1618507382294.png","contentUrl":"https:\/\/redes.unb.br\/wp-content\/uploads\/2021\/03\/logoERC2021v3-e1618507382294.png","width":553,"height":240,"caption":"Engenharia de Redes de Comunica\u00e7\u00e3o"},"image":{"@id":"https:\/\/redes.unb.br\/#\/schema\/logo\/image\/"}}]}},"_links":{"self":[{"href":"https:\/\/redes.unb.br\/index.php\/wp-json\/wp\/v2\/pages\/446","targetHints":{"allow":["GET"]}}],"collection":[{"href":"https:\/\/redes.unb.br\/index.php\/wp-json\/wp\/v2\/pages"}],"about":[{"href":"https:\/\/redes.unb.br\/index.php\/wp-json\/wp\/v2\/types\/page"}],"author":[{"embeddable":true,"href":"https:\/\/redes.unb.br\/index.php\/wp-json\/wp\/v2\/users\/2"}],"replies":[{"embeddable":true,"href":"https:\/\/redes.unb.br\/index.php\/wp-json\/wp\/v2\/comments?post=446"}],"version-history":[{"count":4,"href":"https:\/\/redes.unb.br\/index.php\/wp-json\/wp\/v2\/pages\/446\/revisions"}],"predecessor-version":[{"id":575,"href":"https:\/\/redes.unb.br\/index.php\/wp-json\/wp\/v2\/pages\/446\/revisions\/575"}],"wp:attachment":[{"href":"https:\/\/redes.unb.br\/index.php\/wp-json\/wp\/v2\/media?parent=446"}],"curies":[{"name":"wp","href":"https:\/\/api.w.org\/{rel}","templated":true}]}}