{"id":783,"date":"2017-03-24T09:16:36","date_gmt":"2017-03-24T12:16:36","guid":{"rendered":"https:\/\/redes.unb.br\/?page_id=783"},"modified":"2021-03-31T16:06:53","modified_gmt":"2021-03-31T15:06:53","slug":"laboratorios","status":"publish","type":"page","link":"https:\/\/redes.unb.br\/index.php\/laboratorios\/","title":{"rendered":"Laborat\u00f3rios"},"content":{"rendered":"<p><head><\/p>\n<style>\n  .collapsing {\n    background-color: white;\n   }\n  p{color:black;}\n<\/style>\n<p><\/head><\/p>\n<hr\/>\n<p>&nbsp;<\/p>\n<h2><a name=\"labredes\"><a href=\"#labredes\"><span style=\"font-size: 10pt; font-family: Verdana,sans-serif;\"><strong>LabRedes<\/strong><\/span><\/a> | <a href=\"#gerencia\"><span style=\"font-size: 10pt; font-family: Verdana,sans-serif;\">Ger\u00eancia Latitude<\/span><\/a> | <a href=\"#datacenter\"><span style=\"font-size: 10pt; font-family: Verdana,sans-serif;\">DataCenter<\/span><\/a> | <a href=\"#uiot\"><span style=\"font-size: 10pt; font-family: Verdana,sans-serif;\">UIoT<\/span><\/a> | <a href=\"#forense\"><span style=\"font-size: 10pt; font-family: Verdana,sans-serif;\">Forense Computacional<\/span><\/a>  | <a href=\"#renasic\"><span style=\"font-size: 10pt; font-family: Verdana,sans-serif;\">Proto\/Renasic-2<\/span><\/a><\/h2>\n<hr\/>\n<p><img fetchpriority=\"high\" decoding=\"async\" src=\"https:\/\/redes.unb.br\/wp-content\/uploads\/2017\/02\/20170322_160411-169x300.jpg\" alt=\"\" width=\"388\" height=\"690\" class=\"aligncenter size-medium wp-image-756\" srcset=\"https:\/\/redes.unb.br\/wp-content\/uploads\/2017\/02\/20170322_160411-169x300.jpg 169w, https:\/\/redes.unb.br\/wp-content\/uploads\/2017\/02\/20170322_160411-768x1365.jpg 768w, https:\/\/redes.unb.br\/wp-content\/uploads\/2017\/02\/20170322_160411-576x1024.jpg 576w, https:\/\/redes.unb.br\/wp-content\/uploads\/2017\/02\/20170322_160411.jpg 1296w\" sizes=\"(max-width: 388px) 100vw, 388px\" \/><br \/>\n<img decoding=\"async\" src=\"https:\/\/redes.unb.br\/wp-content\/uploads\/2017\/02\/laboratorioDeRedes-1-300x169.jpg\" alt=\"\" width=\"690\" height=\"388\" class=\"aligncenter size-medium wp-image-754\" srcset=\"https:\/\/redes.unb.br\/wp-content\/uploads\/2017\/02\/laboratorioDeRedes-1-300x169.jpg 300w, https:\/\/redes.unb.br\/wp-content\/uploads\/2017\/02\/laboratorioDeRedes-1-768x432.jpg 768w, https:\/\/redes.unb.br\/wp-content\/uploads\/2017\/02\/laboratorioDeRedes-1-1024x576.jpg 1024w, https:\/\/redes.unb.br\/wp-content\/uploads\/2017\/02\/laboratorioDeRedes-1.jpg 1408w\" sizes=\"(max-width: 690px) 100vw, 690px\" \/><br \/>\n<img decoding=\"async\" src=\"https:\/\/redes.unb.br\/wp-content\/uploads\/2017\/02\/20170322_160307-1024x576.jpg\" alt=\"\" width=\"690\" height=\"388\" class=\"aligncenter size-large wp-image-760\" srcset=\"https:\/\/redes.unb.br\/wp-content\/uploads\/2017\/02\/20170322_160307-1024x576.jpg 1024w, https:\/\/redes.unb.br\/wp-content\/uploads\/2017\/02\/20170322_160307-300x169.jpg 300w, https:\/\/redes.unb.br\/wp-content\/uploads\/2017\/02\/20170322_160307-768x432.jpg 768w\" sizes=\"(max-width: 690px) 100vw, 690px\" \/><\/p>\n<h2><a name=\"gerencia\"><a href=\"#labredes\"><span style=\"font-size: 10pt; font-family: Verdana,sans-serif;\">LabRedes<\/span><\/a> | <a href=\"#gerencia\"><span style=\"font-size: 10pt; font-family: Verdana,sans-serif;\"><strong>Ger\u00eancia Latitude<\/strong><\/span><\/a> | <a href=\"#datacenter\"><span style=\"font-size: 10pt; font-family: Verdana,sans-serif;\">DataCenter<\/span><\/a> | <a href=\"#uiot\"><span style=\"font-size: 10pt; font-family: Verdana,sans-serif;\">UIoT<\/span><\/a> | <a href=\"#forense\"><span style=\"font-size: 10pt; font-family: Verdana,sans-serif;\">Forense Computacional<\/span><\/a>  | <a href=\"#renasic\"><span style=\"font-size: 10pt; font-family: Verdana,sans-serif;\">Proto\/Renasic-2<\/span><\/a><\/h2>\n<hr\/>\n<p><img loading=\"lazy\" decoding=\"async\" src=\"https:\/\/redes.unb.br\/wp-content\/uploads\/2017\/02\/20170322_160628-1024x576.jpg\" alt=\"\" width=\"690\" height=\"388\" class=\"aligncenter size-large wp-image-764\" srcset=\"https:\/\/redes.unb.br\/wp-content\/uploads\/2017\/02\/20170322_160628-1024x576.jpg 1024w, https:\/\/redes.unb.br\/wp-content\/uploads\/2017\/02\/20170322_160628-300x169.jpg 300w, https:\/\/redes.unb.br\/wp-content\/uploads\/2017\/02\/20170322_160628-768x432.jpg 768w\" sizes=\"(max-width: 690px) 100vw, 690px\" \/><br \/>\n<img loading=\"lazy\" decoding=\"async\" src=\"https:\/\/redes.unb.br\/wp-content\/uploads\/2017\/02\/20170322_160518-1024x576.jpg\" alt=\"\" width=\"690\" height=\"388\" class=\"aligncenter size-large wp-image-765\" srcset=\"https:\/\/redes.unb.br\/wp-content\/uploads\/2017\/02\/20170322_160518-1024x576.jpg 1024w, https:\/\/redes.unb.br\/wp-content\/uploads\/2017\/02\/20170322_160518-300x169.jpg 300w, https:\/\/redes.unb.br\/wp-content\/uploads\/2017\/02\/20170322_160518-768x432.jpg 768w\" sizes=\"(max-width: 690px) 100vw, 690px\" \/><br \/>\n<img loading=\"lazy\" decoding=\"async\" src=\"https:\/\/redes.unb.br\/wp-content\/uploads\/2017\/02\/20170322_160613-1024x576.jpg\" alt=\"\" width=\"690\" height=\"388\" class=\"aligncenter size-large wp-image-767\" srcset=\"https:\/\/redes.unb.br\/wp-content\/uploads\/2017\/02\/20170322_160613-1024x576.jpg 1024w, https:\/\/redes.unb.br\/wp-content\/uploads\/2017\/02\/20170322_160613-300x169.jpg 300w, https:\/\/redes.unb.br\/wp-content\/uploads\/2017\/02\/20170322_160613-768x432.jpg 768w\" sizes=\"(max-width: 690px) 100vw, 690px\" \/><\/p>\n<h2><a name=\"datacenter\"><a href=\"#labredes\"><span style=\"font-size: 10pt; font-family: Verdana,sans-serif;\">LabRedes<\/span><\/a> | <a href=\"#gerencia\"><span style=\"font-size: 10pt; font-family: Verdana,sans-serif;\">Ger\u00eancia Latitude<\/span><\/a> | <a href=\"#datacenter\"><span style=\"font-size: 10pt; font-family: Verdana,sans-serif;\"><strong>DataCenter<\/strong><\/span><\/a> | <a href=\"#uiot\"><span style=\"font-size: 10pt; font-family: Verdana,sans-serif;\">UIoT<\/span><\/a> | <a href=\"#forense\"><span style=\"font-size: 10pt; font-family: Verdana,sans-serif;\">Forense Computacional<\/span><\/a>  | <a href=\"#renasic\"><span style=\"font-size: 10pt; font-family: Verdana,sans-serif;\">Proto\/Renasic-2<\/span><\/a><\/h2>\n<hr\/>\n<p><img loading=\"lazy\" decoding=\"async\" src=\"https:\/\/redes.unb.br\/wp-content\/uploads\/2017\/02\/20170322_160734-576x1024.jpg\" alt=\"\" width=\"576\" height=\"1024\" class=\"aligncenter size-large wp-image-770\" srcset=\"https:\/\/redes.unb.br\/wp-content\/uploads\/2017\/02\/20170322_160734-576x1024.jpg 576w, https:\/\/redes.unb.br\/wp-content\/uploads\/2017\/02\/20170322_160734-169x300.jpg 169w, https:\/\/redes.unb.br\/wp-content\/uploads\/2017\/02\/20170322_160734-768x1365.jpg 768w, https:\/\/redes.unb.br\/wp-content\/uploads\/2017\/02\/20170322_160734.jpg 1440w\" sizes=\"(max-width: 576px) 100vw, 576px\" \/><br \/>\n<img loading=\"lazy\" decoding=\"async\" src=\"https:\/\/redes.unb.br\/wp-content\/uploads\/2017\/02\/20170322_160907-576x1024.jpg\" alt=\"\" width=\"576\" height=\"1024\" class=\"aligncenter size-large wp-image-771\" srcset=\"https:\/\/redes.unb.br\/wp-content\/uploads\/2017\/02\/20170322_160907-576x1024.jpg 576w, https:\/\/redes.unb.br\/wp-content\/uploads\/2017\/02\/20170322_160907-169x300.jpg 169w, https:\/\/redes.unb.br\/wp-content\/uploads\/2017\/02\/20170322_160907-768x1365.jpg 768w, https:\/\/redes.unb.br\/wp-content\/uploads\/2017\/02\/20170322_160907.jpg 1368w\" sizes=\"(max-width: 576px) 100vw, 576px\" \/><br \/>\n<img loading=\"lazy\" decoding=\"async\" src=\"https:\/\/redes.unb.br\/wp-content\/uploads\/2017\/02\/20170322_160939-576x1024.jpg\" alt=\"\" width=\"576\" height=\"1024\" class=\"aligncenter size-large wp-image-773\" srcset=\"https:\/\/redes.unb.br\/wp-content\/uploads\/2017\/02\/20170322_160939-576x1024.jpg 576w, https:\/\/redes.unb.br\/wp-content\/uploads\/2017\/02\/20170322_160939-169x300.jpg 169w, https:\/\/redes.unb.br\/wp-content\/uploads\/2017\/02\/20170322_160939-768x1364.jpg 768w, https:\/\/redes.unb.br\/wp-content\/uploads\/2017\/02\/20170322_160939.jpg 1303w\" sizes=\"(max-width: 576px) 100vw, 576px\" \/><br \/>\n<img loading=\"lazy\" decoding=\"async\" src=\"https:\/\/redes.unb.br\/wp-content\/uploads\/2017\/02\/20170322_161156-1024x576.jpg\" alt=\"\" width=\"690\" height=\"388\" class=\"aligncenter size-large wp-image-774\" srcset=\"https:\/\/redes.unb.br\/wp-content\/uploads\/2017\/02\/20170322_161156-1024x576.jpg 1024w, https:\/\/redes.unb.br\/wp-content\/uploads\/2017\/02\/20170322_161156-300x169.jpg 300w, https:\/\/redes.unb.br\/wp-content\/uploads\/2017\/02\/20170322_161156-768x432.jpg 768w\" sizes=\"(max-width: 690px) 100vw, 690px\" \/><\/p>\n<h2><a name=\"uiot\"><a href=\"#labredes\"><span style=\"font-size: 10pt; font-family: Verdana,sans-serif;\">LabRedes<\/span><\/a> | <a href=\"#gerencia\"><span style=\"font-size: 10pt; font-family: Verdana,sans-serif;\">Ger\u00eancia Latitude<\/span><\/a> | <a href=\"#datacenter\"><span style=\"font-size: 10pt; font-family: Verdana,sans-serif;\">DataCenter<\/span><\/a> | <a href=\"#uiot\"><span style=\"font-size: 10pt; font-family: Verdana,sans-serif;\"><strong>UIoT\u2013Universal Internet of Things<\/strong><\/span><\/a> | <a href=\"#forense\"><span style=\"font-size: 10pt; font-family: Verdana,sans-serif;\">Forense Computacional<\/span><\/a>  | <a href=\"#renasic\"><span style=\"font-size: 10pt; font-family: Verdana,sans-serif;\">Proto\/Renasic-2<\/span><\/a><\/h2>\n<hr\/>\n<p><img loading=\"lazy\" decoding=\"async\" src=\"https:\/\/redes.unb.br\/wp-content\/uploads\/2017\/03\/20170324_084843-1024x576.jpg\" alt=\"\" width=\"690\" height=\"388\" class=\"aligncenter size-large wp-image-791\" srcset=\"https:\/\/redes.unb.br\/wp-content\/uploads\/2017\/03\/20170324_084843-1024x576.jpg 1024w, https:\/\/redes.unb.br\/wp-content\/uploads\/2017\/03\/20170324_084843-300x169.jpg 300w, https:\/\/redes.unb.br\/wp-content\/uploads\/2017\/03\/20170324_084843-768x432.jpg 768w\" sizes=\"(max-width: 690px) 100vw, 690px\" \/><br \/>\n<img loading=\"lazy\" decoding=\"async\" src=\"https:\/\/redes.unb.br\/wp-content\/uploads\/2017\/02\/uiot_001.jpg\" alt=\"\" width=\"720\" height=\"960\" class=\"aligncenter size-full wp-image-776\" srcset=\"https:\/\/redes.unb.br\/wp-content\/uploads\/2017\/02\/uiot_001.jpg 720w, https:\/\/redes.unb.br\/wp-content\/uploads\/2017\/02\/uiot_001-225x300.jpg 225w\" sizes=\"(max-width: 720px) 100vw, 720px\" \/><br \/>\n<img loading=\"lazy\" decoding=\"async\" src=\"https:\/\/redes.unb.br\/wp-content\/uploads\/2017\/02\/uiot_002.jpg\" alt=\"\" width=\"720\" height=\"960\" class=\"aligncenter size-full wp-image-777\" srcset=\"https:\/\/redes.unb.br\/wp-content\/uploads\/2017\/02\/uiot_002.jpg 720w, https:\/\/redes.unb.br\/wp-content\/uploads\/2017\/02\/uiot_002-225x300.jpg 225w\" sizes=\"(max-width: 720px) 100vw, 720px\" \/><br \/>\n<img loading=\"lazy\" decoding=\"async\" src=\"https:\/\/redes.unb.br\/wp-content\/uploads\/2017\/03\/20170324_085756-1024x576.jpg\" alt=\"\" width=\"690\" height=\"388\" class=\"aligncenter size-large wp-image-793\" srcset=\"https:\/\/redes.unb.br\/wp-content\/uploads\/2017\/03\/20170324_085756-1024x576.jpg 1024w, https:\/\/redes.unb.br\/wp-content\/uploads\/2017\/03\/20170324_085756-300x169.jpg 300w, https:\/\/redes.unb.br\/wp-content\/uploads\/2017\/03\/20170324_085756-768x432.jpg 768w\" sizes=\"(max-width: 690px) 100vw, 690px\" \/><\/p>\n<h2><a name=\"forense\"><a name=\"uiot\"><a href=\"#labredes\"><span style=\"font-size: 10pt; font-family: Verdana,sans-serif;\">LabRedes<\/span><\/a> | <a href=\"#gerencia\"><span style=\"font-size: 10pt; font-family: Verdana,sans-serif;\">Ger\u00eancia Latitude<\/span><\/a> | <a href=\"#datacenter\"><span style=\"font-size: 10pt; font-family: Verdana,sans-serif;\">DataCenter<\/span><\/a> | <a href=\"#uiot\"><span style=\"font-size: 10pt; font-family: Verdana,sans-serif;\">UIoT\u2013Universal Internet of Things<\/span><\/a> | <a href=\"#forense\"><span style=\"font-size: 10pt; font-family: Verdana,sans-serif;\"><strong>Forense Computacional<\/strong><\/span><\/a>  | <a href=\"#renasic\"><span style=\"font-size: 10pt; font-family: Verdana,sans-serif;\">Proto\/Renasic-2<\/span><\/a><\/h2>\n<hr\/>\n<p><img loading=\"lazy\" decoding=\"async\" src=\"https:\/\/redes.unb.br\/wp-content\/uploads\/2017\/03\/20170324_084929-1024x576.jpg\" alt=\"\" width=\"690\" height=\"388\" class=\"aligncenter size-large wp-image-795\" srcset=\"https:\/\/redes.unb.br\/wp-content\/uploads\/2017\/03\/20170324_084929-1024x576.jpg 1024w, https:\/\/redes.unb.br\/wp-content\/uploads\/2017\/03\/20170324_084929-300x169.jpg 300w, https:\/\/redes.unb.br\/wp-content\/uploads\/2017\/03\/20170324_084929-768x432.jpg 768w\" sizes=\"(max-width: 690px) 100vw, 690px\" \/><br \/>\n<img loading=\"lazy\" decoding=\"async\" src=\"https:\/\/redes.unb.br\/wp-content\/uploads\/2017\/03\/20170324_085036-1024x576.jpg\" alt=\"\" width=\"690\" height=\"388\" class=\"aligncenter size-large wp-image-796\" srcset=\"https:\/\/redes.unb.br\/wp-content\/uploads\/2017\/03\/20170324_085036-1024x576.jpg 1024w, https:\/\/redes.unb.br\/wp-content\/uploads\/2017\/03\/20170324_085036-300x169.jpg 300w, https:\/\/redes.unb.br\/wp-content\/uploads\/2017\/03\/20170324_085036-768x432.jpg 768w\" sizes=\"(max-width: 690px) 100vw, 690px\" \/><br \/>\n<img loading=\"lazy\" decoding=\"async\" src=\"https:\/\/redes.unb.br\/wp-content\/uploads\/2017\/03\/20170324_085120-1024x576.jpg\" alt=\"\" width=\"690\" height=\"388\" class=\"aligncenter size-large wp-image-797\" srcset=\"https:\/\/redes.unb.br\/wp-content\/uploads\/2017\/03\/20170324_085120-1024x576.jpg 1024w, https:\/\/redes.unb.br\/wp-content\/uploads\/2017\/03\/20170324_085120-300x169.jpg 300w, https:\/\/redes.unb.br\/wp-content\/uploads\/2017\/03\/20170324_085120-768x432.jpg 768w\" sizes=\"(max-width: 690px) 100vw, 690px\" \/><\/p>\n<h2><a name=\"renasic\"><a name=\"uiot\"><a href=\"#labredes\"><span style=\"font-size: 10pt; font-family: Verdana,sans-serif;\">LabRedes<\/span><\/a> | <a href=\"#gerencia\"><span style=\"font-size: 10pt; font-family: Verdana,sans-serif;\">Ger\u00eancia Latitude<\/span><\/a> | <a href=\"#datacenter\"><span style=\"font-size: 10pt; font-family: Verdana,sans-serif;\">DataCenter<\/span><\/a> | <a href=\"#uiot\"><span style=\"font-size: 10pt; font-family: Verdana,sans-serif;\">UIoT\u2013Universal Internet of Things<\/span><\/a> | <a href=\"#forense\"><span style=\"font-size: 10pt; font-family: Verdana,sans-serif;\">Forense Computacional<\/span><\/a>  | <a href=\"#renasic\"><span style=\"font-size: 10pt; font-family: Verdana,sans-serif;\"><strong>Proto\/Renasic-2<\/strong><\/span><\/a><\/h2>\n<hr\/>\n<p><img loading=\"lazy\" decoding=\"async\" src=\"https:\/\/redes.unb.br\/wp-content\/uploads\/2017\/03\/20170324_085523-1024x576.jpg\" alt=\"\" width=\"690\" height=\"388\" class=\"aligncenter size-large wp-image-799\" srcset=\"https:\/\/redes.unb.br\/wp-content\/uploads\/2017\/03\/20170324_085523-1024x576.jpg 1024w, https:\/\/redes.unb.br\/wp-content\/uploads\/2017\/03\/20170324_085523-300x169.jpg 300w, https:\/\/redes.unb.br\/wp-content\/uploads\/2017\/03\/20170324_085523-768x432.jpg 768w\" sizes=\"(max-width: 690px) 100vw, 690px\" \/><br \/>\n<img loading=\"lazy\" decoding=\"async\" src=\"https:\/\/redes.unb.br\/wp-content\/uploads\/2017\/03\/20170324_085506-576x1024.jpg\" alt=\"\" width=\"576\" height=\"1024\" class=\"aligncenter size-large wp-image-800\" srcset=\"https:\/\/redes.unb.br\/wp-content\/uploads\/2017\/03\/20170324_085506-576x1024.jpg 576w, https:\/\/redes.unb.br\/wp-content\/uploads\/2017\/03\/20170324_085506-169x300.jpg 169w, https:\/\/redes.unb.br\/wp-content\/uploads\/2017\/03\/20170324_085506-768x1365.jpg 768w, https:\/\/redes.unb.br\/wp-content\/uploads\/2017\/03\/20170324_085506.jpg 1440w\" sizes=\"(max-width: 576px) 100vw, 576px\" \/><br \/>\nEngNET<\/p>\n<hr\/>\n<p><a href=\"http:\/\/engnetconsultoria.com.br\/\" target=\"_blank\" rel=\"noopener\"><img loading=\"lazy\" decoding=\"async\" src=\"https:\/\/redes.unb.br\/wp-content\/uploads\/2017\/02\/EngNET-1024x576.jpg\" alt=\"\" width=\"690\" height=\"388\" class=\"aligncenter size-large wp-image-779\" srcset=\"https:\/\/redes.unb.br\/wp-content\/uploads\/2017\/02\/EngNET-1024x576.jpg 1024w, https:\/\/redes.unb.br\/wp-content\/uploads\/2017\/02\/EngNET-300x169.jpg 300w, https:\/\/redes.unb.br\/wp-content\/uploads\/2017\/02\/EngNET-768x432.jpg 768w\" sizes=\"(max-width: 690px) 100vw, 690px\" \/><\/a><\/p>\n","protected":false},"excerpt":{"rendered":"<p>&nbsp; LabRedes | Ger\u00eancia Latitude | DataCenter | UIoT | Forense Computacional | Proto\/Renasic-2 LabRedes | Ger\u00eancia Latitude | DataCenter | UIoT | Forense Computacional | Proto\/Renasic-2 LabRedes | Ger\u00eancia [&hellip;]<\/p>\n","protected":false},"author":2,"featured_media":0,"parent":0,"menu_order":0,"comment_status":"closed","ping_status":"closed","template":"page-fullwidth.php","meta":{"_acf_changed":false,"footnotes":""},"class_list":["post-783","page","type-page","status-publish","hentry"],"blocksy_meta":[],"acf":[],"yoast_head":"<!-- This site is optimized with the Yoast SEO plugin v25.9 - https:\/\/yoast.com\/wordpress\/plugins\/seo\/ -->\n<title>Laborat\u00f3rios - Engenharia de Redes de Comunica\u00e7\u00e3o<\/title>\n<meta name=\"robots\" content=\"index, follow, max-snippet:-1, max-image-preview:large, max-video-preview:-1\" \/>\n<link rel=\"canonical\" href=\"https:\/\/redes.unb.br\/index.php\/laboratorios\/\" \/>\n<meta property=\"og:locale\" content=\"pt_BR\" \/>\n<meta property=\"og:type\" content=\"article\" \/>\n<meta property=\"og:title\" content=\"Laborat\u00f3rios - Engenharia de Redes de Comunica\u00e7\u00e3o\" \/>\n<meta property=\"og:description\" content=\"&nbsp; LabRedes | Ger\u00eancia Latitude | DataCenter | UIoT | Forense Computacional | Proto\/Renasic-2 LabRedes | Ger\u00eancia Latitude | DataCenter | UIoT | Forense Computacional | Proto\/Renasic-2 LabRedes | Ger\u00eancia [&hellip;]\" \/>\n<meta property=\"og:url\" content=\"https:\/\/redes.unb.br\/index.php\/laboratorios\/\" \/>\n<meta property=\"og:site_name\" content=\"Engenharia de Redes de Comunica\u00e7\u00e3o\" \/>\n<meta property=\"article:modified_time\" content=\"2021-03-31T15:06:53+00:00\" \/>\n<meta property=\"og:image\" content=\"https:\/\/redes.unb.br\/wp-content\/uploads\/2017\/02\/20170322_160411.jpg\" \/>\n\t<meta property=\"og:image:width\" content=\"1296\" \/>\n\t<meta property=\"og:image:height\" content=\"2304\" \/>\n\t<meta property=\"og:image:type\" content=\"image\/jpeg\" \/>\n<meta name=\"twitter:card\" content=\"summary_large_image\" \/>\n<script type=\"application\/ld+json\" class=\"yoast-schema-graph\">{\"@context\":\"https:\/\/schema.org\",\"@graph\":[{\"@type\":\"WebPage\",\"@id\":\"https:\/\/redes.unb.br\/index.php\/laboratorios\/\",\"url\":\"https:\/\/redes.unb.br\/index.php\/laboratorios\/\",\"name\":\"Laborat\u00f3rios - Engenharia de Redes de Comunica\u00e7\u00e3o\",\"isPartOf\":{\"@id\":\"https:\/\/redes.unb.br\/#website\"},\"primaryImageOfPage\":{\"@id\":\"https:\/\/redes.unb.br\/index.php\/laboratorios\/#primaryimage\"},\"image\":{\"@id\":\"https:\/\/redes.unb.br\/index.php\/laboratorios\/#primaryimage\"},\"thumbnailUrl\":\"https:\/\/redes.unb.br\/wp-content\/uploads\/2017\/02\/20170322_160411-169x300.jpg\",\"datePublished\":\"2017-03-24T12:16:36+00:00\",\"dateModified\":\"2021-03-31T15:06:53+00:00\",\"breadcrumb\":{\"@id\":\"https:\/\/redes.unb.br\/index.php\/laboratorios\/#breadcrumb\"},\"inLanguage\":\"pt-BR\",\"potentialAction\":[{\"@type\":\"ReadAction\",\"target\":[\"https:\/\/redes.unb.br\/index.php\/laboratorios\/\"]}]},{\"@type\":\"ImageObject\",\"inLanguage\":\"pt-BR\",\"@id\":\"https:\/\/redes.unb.br\/index.php\/laboratorios\/#primaryimage\",\"url\":\"https:\/\/redes.unb.br\/wp-content\/uploads\/2017\/02\/20170322_160411.jpg\",\"contentUrl\":\"https:\/\/redes.unb.br\/wp-content\/uploads\/2017\/02\/20170322_160411.jpg\",\"width\":1296,\"height\":2304},{\"@type\":\"BreadcrumbList\",\"@id\":\"https:\/\/redes.unb.br\/index.php\/laboratorios\/#breadcrumb\",\"itemListElement\":[{\"@type\":\"ListItem\",\"position\":1,\"name\":\"Home\",\"item\":\"https:\/\/redes.unb.br\/\"},{\"@type\":\"ListItem\",\"position\":2,\"name\":\"Laborat\u00f3rios\"}]},{\"@type\":\"WebSite\",\"@id\":\"https:\/\/redes.unb.br\/#website\",\"url\":\"https:\/\/redes.unb.br\/\",\"name\":\"Engenharia de Redes de Comunica\u00e7\u00e3o\",\"description\":\"UnB - Engenharia de Redes de Comunica\u00e7\u00e3o\",\"publisher\":{\"@id\":\"https:\/\/redes.unb.br\/#organization\"},\"potentialAction\":[{\"@type\":\"SearchAction\",\"target\":{\"@type\":\"EntryPoint\",\"urlTemplate\":\"https:\/\/redes.unb.br\/?s={search_term_string}\"},\"query-input\":{\"@type\":\"PropertyValueSpecification\",\"valueRequired\":true,\"valueName\":\"search_term_string\"}}],\"inLanguage\":\"pt-BR\"},{\"@type\":\"Organization\",\"@id\":\"https:\/\/redes.unb.br\/#organization\",\"name\":\"Engenharia de Redes de Comunica\u00e7\u00e3o\",\"url\":\"https:\/\/redes.unb.br\/\",\"logo\":{\"@type\":\"ImageObject\",\"inLanguage\":\"pt-BR\",\"@id\":\"https:\/\/redes.unb.br\/#\/schema\/logo\/image\/\",\"url\":\"https:\/\/redes.unb.br\/wp-content\/uploads\/2021\/03\/logoERC2021v3-e1618507382294.png\",\"contentUrl\":\"https:\/\/redes.unb.br\/wp-content\/uploads\/2021\/03\/logoERC2021v3-e1618507382294.png\",\"width\":553,\"height\":240,\"caption\":\"Engenharia de Redes de Comunica\u00e7\u00e3o\"},\"image\":{\"@id\":\"https:\/\/redes.unb.br\/#\/schema\/logo\/image\/\"}}]}<\/script>\n<!-- \/ Yoast SEO plugin. -->","yoast_head_json":{"title":"Laborat\u00f3rios - Engenharia de Redes de Comunica\u00e7\u00e3o","robots":{"index":"index","follow":"follow","max-snippet":"max-snippet:-1","max-image-preview":"max-image-preview:large","max-video-preview":"max-video-preview:-1"},"canonical":"https:\/\/redes.unb.br\/index.php\/laboratorios\/","og_locale":"pt_BR","og_type":"article","og_title":"Laborat\u00f3rios - Engenharia de Redes de Comunica\u00e7\u00e3o","og_description":"&nbsp; LabRedes | Ger\u00eancia Latitude | DataCenter | UIoT | Forense Computacional | Proto\/Renasic-2 LabRedes | Ger\u00eancia Latitude | DataCenter | UIoT | Forense Computacional | Proto\/Renasic-2 LabRedes | Ger\u00eancia [&hellip;]","og_url":"https:\/\/redes.unb.br\/index.php\/laboratorios\/","og_site_name":"Engenharia de Redes de Comunica\u00e7\u00e3o","article_modified_time":"2021-03-31T15:06:53+00:00","og_image":[{"width":1296,"height":2304,"url":"https:\/\/redes.unb.br\/wp-content\/uploads\/2017\/02\/20170322_160411.jpg","type":"image\/jpeg"}],"twitter_card":"summary_large_image","schema":{"@context":"https:\/\/schema.org","@graph":[{"@type":"WebPage","@id":"https:\/\/redes.unb.br\/index.php\/laboratorios\/","url":"https:\/\/redes.unb.br\/index.php\/laboratorios\/","name":"Laborat\u00f3rios - Engenharia de Redes de Comunica\u00e7\u00e3o","isPartOf":{"@id":"https:\/\/redes.unb.br\/#website"},"primaryImageOfPage":{"@id":"https:\/\/redes.unb.br\/index.php\/laboratorios\/#primaryimage"},"image":{"@id":"https:\/\/redes.unb.br\/index.php\/laboratorios\/#primaryimage"},"thumbnailUrl":"https:\/\/redes.unb.br\/wp-content\/uploads\/2017\/02\/20170322_160411-169x300.jpg","datePublished":"2017-03-24T12:16:36+00:00","dateModified":"2021-03-31T15:06:53+00:00","breadcrumb":{"@id":"https:\/\/redes.unb.br\/index.php\/laboratorios\/#breadcrumb"},"inLanguage":"pt-BR","potentialAction":[{"@type":"ReadAction","target":["https:\/\/redes.unb.br\/index.php\/laboratorios\/"]}]},{"@type":"ImageObject","inLanguage":"pt-BR","@id":"https:\/\/redes.unb.br\/index.php\/laboratorios\/#primaryimage","url":"https:\/\/redes.unb.br\/wp-content\/uploads\/2017\/02\/20170322_160411.jpg","contentUrl":"https:\/\/redes.unb.br\/wp-content\/uploads\/2017\/02\/20170322_160411.jpg","width":1296,"height":2304},{"@type":"BreadcrumbList","@id":"https:\/\/redes.unb.br\/index.php\/laboratorios\/#breadcrumb","itemListElement":[{"@type":"ListItem","position":1,"name":"Home","item":"https:\/\/redes.unb.br\/"},{"@type":"ListItem","position":2,"name":"Laborat\u00f3rios"}]},{"@type":"WebSite","@id":"https:\/\/redes.unb.br\/#website","url":"https:\/\/redes.unb.br\/","name":"Engenharia de Redes de Comunica\u00e7\u00e3o","description":"UnB - Engenharia de Redes de Comunica\u00e7\u00e3o","publisher":{"@id":"https:\/\/redes.unb.br\/#organization"},"potentialAction":[{"@type":"SearchAction","target":{"@type":"EntryPoint","urlTemplate":"https:\/\/redes.unb.br\/?s={search_term_string}"},"query-input":{"@type":"PropertyValueSpecification","valueRequired":true,"valueName":"search_term_string"}}],"inLanguage":"pt-BR"},{"@type":"Organization","@id":"https:\/\/redes.unb.br\/#organization","name":"Engenharia de Redes de Comunica\u00e7\u00e3o","url":"https:\/\/redes.unb.br\/","logo":{"@type":"ImageObject","inLanguage":"pt-BR","@id":"https:\/\/redes.unb.br\/#\/schema\/logo\/image\/","url":"https:\/\/redes.unb.br\/wp-content\/uploads\/2021\/03\/logoERC2021v3-e1618507382294.png","contentUrl":"https:\/\/redes.unb.br\/wp-content\/uploads\/2021\/03\/logoERC2021v3-e1618507382294.png","width":553,"height":240,"caption":"Engenharia de Redes de Comunica\u00e7\u00e3o"},"image":{"@id":"https:\/\/redes.unb.br\/#\/schema\/logo\/image\/"}}]}},"_links":{"self":[{"href":"https:\/\/redes.unb.br\/index.php\/wp-json\/wp\/v2\/pages\/783","targetHints":{"allow":["GET"]}}],"collection":[{"href":"https:\/\/redes.unb.br\/index.php\/wp-json\/wp\/v2\/pages"}],"about":[{"href":"https:\/\/redes.unb.br\/index.php\/wp-json\/wp\/v2\/types\/page"}],"author":[{"embeddable":true,"href":"https:\/\/redes.unb.br\/index.php\/wp-json\/wp\/v2\/users\/2"}],"replies":[{"embeddable":true,"href":"https:\/\/redes.unb.br\/index.php\/wp-json\/wp\/v2\/comments?post=783"}],"version-history":[{"count":30,"href":"https:\/\/redes.unb.br\/index.php\/wp-json\/wp\/v2\/pages\/783\/revisions"}],"predecessor-version":[{"id":1661,"href":"https:\/\/redes.unb.br\/index.php\/wp-json\/wp\/v2\/pages\/783\/revisions\/1661"}],"wp:attachment":[{"href":"https:\/\/redes.unb.br\/index.php\/wp-json\/wp\/v2\/media?parent=783"}],"curies":[{"name":"wp","href":"https:\/\/api.w.org\/{rel}","templated":true}]}}